{"id":35,"date":"2025-09-26T16:45:51","date_gmt":"2025-09-26T14:45:51","guid":{"rendered":"http:\/\/heavenk.cluster100.hosting.ovh.net\/?page_id=35"},"modified":"2025-11-14T17:22:50","modified_gmt":"2025-11-14T16:22:50","slug":"location","status":"publish","type":"page","link":"https:\/\/heaven-sea.com\/en\/location\/","title":{"rendered":"Charter"},"content":{"rendered":"<div data-elementor-type=\"wp-page\" data-elementor-id=\"35\" class=\"elementor elementor-35\" data-elementor-post-type=\"page\">\n\t\t\t\t<div class=\"elementor-element elementor-element-fbca72a e-flex e-con-boxed e-con e-parent\" data-id=\"fbca72a\" data-element_type=\"container\">\n\t\t\t\t\t<div class=\"e-con-inner\">\n\t\t<div class=\"elementor-element elementor-element-b3087c5 e-con-full e-flex e-con e-child\" data-id=\"b3087c5\" data-element_type=\"container\" data-settings=\"{&quot;background_background&quot;:&quot;classic&quot;}\">\n\t\t\t\t<div class=\"elementor-element elementor-element-df966d2 elementor-widget__width-inherit elementor-widget elementor-widget-heading\" data-id=\"df966d2\" data-element_type=\"widget\" data-widget_type=\"heading.default\">\n\t\t\t\t\t<h1 class=\"elementor-heading-title elementor-size-default\">Charter<\/h1>\t\t\t\t<\/div>\n\t\t\t\t<\/div>\n\t\t\t\t\t<\/div>\n\t\t\t\t<\/div>\n\t\t<div class=\"elementor-element elementor-element-607c4e8 e-flex e-con-boxed e-con e-parent\" data-id=\"607c4e8\" data-element_type=\"container\">\n\t\t\t\t\t<div class=\"e-con-inner\">\n\t\t\t\t<div class=\"elementor-element elementor-element-3830f41 elementor-widget elementor-widget-heading\" data-id=\"3830f41\" data-element_type=\"widget\" data-widget_type=\"heading.default\">\n\t\t\t\t\t<h2 class=\"elementor-heading-title elementor-size-default\">Cruise at your leisure<\/h2>\t\t\t\t<\/div>\n\t\t\t\t<div class=\"elementor-element elementor-element-649796c elementor-widget elementor-widget-text-editor\" data-id=\"649796c\" data-element_type=\"widget\" data-widget_type=\"text-editor.default\">\n\t\t\t\t\t\t\t\t\t<p data-start=\"103\" data-end=\"246\">Thanks to our <strong>international network<\/strong>, gain access to an exclusive selection of <strong>exceptional yachts<\/strong> available year-round <strong>, anywhere in the world.<\/strong>.<\/p><p data-start=\"248\" data-end=\"480\">We guide you in choosing the yacht and destination <strong>according to your desires<\/strong>, then take care of <strong>every detail of the charter.<\/strong>All that\u2019s left for you is to embark and enjoy a tailor-made experience <strong>in complete peace of mind.<\/strong>.<\/p><p data-start=\"482\" data-end=\"540\"><strong data-start=\"482\" data-end=\"540\">Cruise at your leisure, leave the rest to us.<\/strong><\/p>\t\t\t\t\t\t\t\t<\/div>\n\t\t\t\t\t<\/div>\n\t\t\t\t<\/div>\n\t\t<div class=\"elementor-element elementor-element-f66e5fc e-flex e-con-boxed e-con e-parent\" data-id=\"f66e5fc\" data-element_type=\"container\">\n\t\t\t\t\t<div class=\"e-con-inner\">\n\t\t\t\t<div class=\"elementor-element elementor-element-487332e elementor-widget elementor-widget-heading\" data-id=\"487332e\" data-element_type=\"widget\" data-widget_type=\"heading.default\">\n\t\t\t\t\t<h2 class=\"elementor-heading-title elementor-size-default\">All our yachts for charter<\/h2>\t\t\t\t<\/div>\n\t\t\t\t\t<\/div>\n\t\t\t\t<\/div>\n\t\t<div class=\"elementor-element elementor-element-7908d38 e-flex e-con-boxed e-con e-parent\" data-id=\"7908d38\" data-element_type=\"container\">\n\t\t\t\t\t<div class=\"e-con-inner\">\n\t\t\t\t<div class=\"elementor-element elementor-element-b424250 elementor-widget elementor-widget-directorist_category\" data-id=\"b424250\" data-element_type=\"widget\" data-widget_type=\"directorist_category.default\">\n\t\t\t\t<div class=\"elementor-widget-container\">\n\t\t\t\t\t<!-- directorist-shortcode:: [ directorist_category] -->\n<div class=\"directorist-archive-contents directorist-contents-wrap directorist-w-100 directorist-instant-search\"data-atts=\"{&quot;header&quot;:&quot;&quot;,&quot;header_title&quot;:&quot;Listings Found&quot;,&quot;advanced_filter&quot;:&quot;no&quot;,&quot;view&quot;:&quot;list&quot;,&quot;map_height&quot;:500,&quot;columns&quot;:&quot;3&quot;,&quot;listings_per_page&quot;:6,&quot;show_pagination&quot;:&quot;no&quot;,&quot;category&quot;:&quot;&quot;,&quot;tag&quot;:&quot;&quot;,&quot;location&quot;:&quot;&quot;,&quot;featured_only&quot;:&quot;no&quot;,&quot;popular_only&quot;:&quot;no&quot;,&quot;logged_in_user_only&quot;:&quot;no&quot;,&quot;display_preview_image&quot;:&quot;yes&quot;,&quot;orderby&quot;:&quot;date&quot;,&quot;order&quot;:&quot;desc&quot;,&quot;sidebar&quot;:&quot;left_sidebar&quot;,&quot;directory_type&quot;:&quot;location&quot;,&quot;default_directory_type&quot;:&quot;location&quot;,&quot;shortcode&quot;:&quot;directorist_category&quot;,&quot;_current_page&quot;:&quot;listing&quot;,&quot;category_custom_fields_relations&quot;:[]}\">\n    <div class=\"listing-with-sidebar\">\n        <div class=\"directorist-container\">\n            <div class=\"listing-with-sidebar__wrapper\">\n                <div class=\"listing-with-sidebar__type-nav\">\n                                    <\/div>\n\n                \n                \n                <div class=\"listing-with-sidebar__contents\">\n                                            <aside class=\"listing-with-sidebar__sidebar left-sidebar-contents\">\n                            <form action=\"https:\/\/heaven-sea.com\/en\/\" class=\"directorist-search-form directorist-advanced-search\" data-trp-original-action=\"https:\/\/heaven-sea.com\/en\">\n    <div class=\"directorist-search-form__box\">\n        <div class=\"directorist-advanced-filter__top\">\n            <h2 class=\"directorist-advanced-filter__title\">Filtres<\/h2>\n            <button class=\"directorist-search-modal__contents__btn directorist-advanced-filter__close\" type=\"button\"  aria-label=\"Sidebar Filter Close Button\">\n                <i class=\"directorist-icon-mask\" aria-hidden=\"true\" style=\"--directorist-icon: url(https:\/\/heaven-sea.com\/wp-content\/plugins\/directorist\/assets\/icons\/font-awesome\/svgs\/solid\/times.svg)\"><\/i>            <\/button>\n        <\/div>\n        <div class=\"directorist-advanced-filter__advanced\">\n        <input type=\"hidden\" name='directory_type' value='location'>\n                            <div class=\"directorist-advanced-filter__advanced__element directorist-search-field-select\">\n<div class=\"directorist-search-field directorist-form-group\">\n\n    <div class=\"directorist-select directorist-search-field__input\">\n\n                    <label class=\"directorist-search-field__label\">Location<\/label>\n        \n        <select name='custom_field[custom-select]'  data-issearch=\"true\" data-placeholder=\"Localisation\">\n\n            <option value=\"\">Location<\/option>\n\n            <option value=\"M\u00e9diterran\u00e9e\">Mediterranean Sea<\/option><option value=\"Cara\u00efbes\">Caribbean Sea<\/option><option value=\"Europe du Nord (Baltique, Scandinavie, mer du Nord)\">Europe du Nord (Baltique, Scandinavie, mer du Nord)<\/option><option value=\"Pacifique (Pacifique Sud, Polyn\u00e9sie, Australie, Nouvelle-Z\u00e9lande)\">Pacific (South Pacific, Polynesia, Australia, New Zealand)<\/option><option value=\"Am\u00e9riques (Floride, Bahamas, Mexique, Belize)\">Americas (Florida, Bahamas, Mexico, Belize)<\/option><option value=\"Asie (Tha\u00eflande, Malaisie, Indon\u00e9sie)\">Asia (Thailand, Malaysia, Indonesia)<\/option><option value=\"Oc\u00e9an Indien (Seychelles, Maldives, Maurice)\">Indian Ocean (Seychelles, Maldives, Mauritius)<\/option><option value=\"Golfe\/Moyen-Orient (Duba\u00ef, Oman, Qatar)\">Gulf \/ Middle East (Dubai, Oman, Qatar)<\/option>\n        <\/select>\n\n    <\/div>\n\n    <div class=\"directorist-search-field__btn directorist-search-field__btn--clear\">\n        <i class=\"directorist-icon-mask\" aria-hidden=\"true\" style=\"--directorist-icon: url(https:\/\/heaven-sea.com\/wp-content\/plugins\/directorist\/assets\/icons\/font-awesome\/svgs\/solid\/times-circle.svg)\"><\/i> \n    <\/div>\n\n<\/div><\/div>\n                            <div class=\"directorist-advanced-filter__advanced__element directorist-search-field-number\">\n<div class=\"directorist-search-field directorist-form-group\">\n            <label class=\"directorist-search-field__label\">Capacit\u00e9<\/label>\n        \n    <div class=\"directorist-form-group__with-prefix\">\n                    <span class=\"directorist-form-group__prefix directorist-form-group__prefix--start\">Up to 8 persons<\/span>\n        \n        <input class=\"directorist-form-element directorist-search-field__input\" type=\"number\" name=\"custom_field[custom-number]\" value=\"\" placeholder=\"Number\" step=\"1\" min=\"0\" >\n\n                    <span class=\"directorist-form-group__prefix directorist-form-group__prefix--end\">personnes<\/span>\n            <\/div>\n\n    <div class=\"directorist-search-field__btn directorist-search-field__btn--clear\">\n        <i class=\"directorist-icon-mask\" aria-hidden=\"true\" style=\"--directorist-icon: url(https:\/\/heaven-sea.com\/wp-content\/plugins\/directorist\/assets\/icons\/font-awesome\/svgs\/solid\/times-circle.svg)\"><\/i> \n    <\/div>\n\n<\/div><\/div>\n                            <div class=\"directorist-advanced-filter__advanced__element directorist-search-field-select\">\n<div class=\"directorist-search-field directorist-form-group\">\n\n    <div class=\"directorist-select directorist-search-field__input\">\n\n                    <label class=\"directorist-search-field__label\">Crew<\/label>\n        \n        <select name='custom_field[custom-select-2]'  data-issearch=\"true\" data-placeholder=\"\u00c9quipage\">\n\n            <option value=\"\">Crew<\/option>\n\n            <option value=\"Avec \u00e9quipage\">With crew<\/option><option value=\"Sans \u00e9quipage\">Sans \u00e9quipage<\/option>\n        <\/select>\n\n    <\/div>\n\n    <div class=\"directorist-search-field__btn directorist-search-field__btn--clear\">\n        <i class=\"directorist-icon-mask\" aria-hidden=\"true\" style=\"--directorist-icon: url(https:\/\/heaven-sea.com\/wp-content\/plugins\/directorist\/assets\/icons\/font-awesome\/svgs\/solid\/times-circle.svg)\"><\/i> \n    <\/div>\n\n<\/div><\/div>\n                            <div class=\"directorist-advanced-filter__advanced__element directorist-search-field-tag\"><div class=\"directorist-search-field directorist-search-form-dropdown directorist-form-group\">\n    <div class=\"directorist-search-basic-dropdown directorist-search-field__input\">\n\n                    <label class=\"directorist-search-field__label directorist-search-basic-dropdown-label\">\n                <span class=\"directorist-search-basic-dropdown-selected-prefix\"><\/span>\n                Category                <span class=\"directorist-search-basic-dropdown-selected-count\"><\/span>\n                <i class=\"directorist-icon-mask\" aria-hidden=\"true\" style=\"--directorist-icon: url(https:\/\/heaven-sea.com\/wp-content\/plugins\/directorist\/assets\/icons\/font-awesome\/svgs\/solid\/chevron-down.svg)\"><\/i> \n            <\/label>\n                <div class=\"directorist-search-basic-dropdown-content\">\n            <div class=\"directorist-search-tags directorist-flex\">\n                \n                    <div class=\"directorist-checkbox directorist-checkbox-primary\">\n                        <input type=\"checkbox\" name=\"in_tag[]\" value=\"156\" id=\"1391881981156\" >\n                        <label for=\"1391881981156\" class=\"directorist-checkbox__label\">MY<\/label>\n                    <\/div>\n\n                                <\/div>\n            <a href=\"#\" class=\"directorist-btn-ml\">Show More<\/a>\n        <\/div>\n    <\/div>\n    <div class=\"directorist-search-field__btn directorist-search-field__btn--clear\">\n        <i class=\"directorist-icon-mask\" aria-hidden=\"true\" style=\"--directorist-icon: url(https:\/\/heaven-sea.com\/wp-content\/plugins\/directorist\/assets\/icons\/font-awesome\/svgs\/solid\/times-circle.svg)\"><\/i> \n    <\/div>\n\n<\/div><\/div>\n                            <div class=\"directorist-advanced-filter__advanced__element directorist-search-field-pricing\">\n<div class=\"directorist-search-field directorist-search-form-dropdown directorist-form-group\">\n    <div class=\"directorist-search-basic-dropdown directorist-search-field__input\">\n                    <label class=\"directorist-search-field__label directorist-search-basic-dropdown-label\">\n                Pricing                <i class=\"directorist-icon-mask\" aria-hidden=\"true\" style=\"--directorist-icon: url(https:\/\/heaven-sea.com\/wp-content\/plugins\/directorist\/assets\/icons\/font-awesome\/svgs\/solid\/chevron-down.svg)\"><\/i> \n            <\/label>\n                <div class=\"directorist-search-basic-dropdown-content\">\n            <div class=\"directorist-price-ranges\">\n\n            \n                <div class=\"directorist-price-ranges__item directorist-form-group\">\n                                            <label class=\"directorist-price-ranges__label\" for=\"pricing-slider-range__input-values__min\">Min<\/label>\n                                        <span class=\"directorist-price-ranges__currency\">&euro;<\/span>\n                    <input type=\"number\" name=\"price[0]\" class=\"directorist-form-element pricing-slider-range__input-values__min\" id=\"pricing-slider-range__input-values__min\" placeholder=\"\" value=\"\" min=\"0\">\n                <\/div>\n                <div class=\"directorist-price-ranges__item directorist-form-group\">\n                                            <label class=\"directorist-price-ranges__label\" for=\"pricing-slider-range__input-values__max\">Max<\/label>\n                                        <span class=\"directorist-price-ranges__currency\">&euro;<\/span>\n                    <input type=\"number\" name=\"price[1]\" class=\"directorist-form-element pricing-slider-range__input-values__max\" id=\"pricing-slider-range__input-values__max\" placeholder=\"\" value=\"\" min=\"0\">\n                <\/div>\n\n            \n            \n            <\/div>\n        <\/div>\n    <\/div>\n    <div class=\"directorist-search-field__btn directorist-search-field__btn--clear\">\n        <i class=\"directorist-icon-mask\" aria-hidden=\"true\" style=\"--directorist-icon: url(https:\/\/heaven-sea.com\/wp-content\/plugins\/directorist\/assets\/icons\/font-awesome\/svgs\/solid\/times-circle.svg)\"><\/i> \n    <\/div>\n\n<\/div><\/div>\n                        <div class=\"directorist-advanced-filter__action directorist-advanced-filter__action--ajax\">\n                <button type=\"button\" class=\"directorist-btn-reset-js directorist-btn-reset-ajax\">Effacer tout<\/button>\n            <\/div>\n        <\/div>\n\n         \n\n    <\/div>\n<input type=\"hidden\" name=\"trp-form-language\" value=\"en\"\/><\/form>                        <\/aside>\n                                        <section class=\"listing-with-sidebar__listing\">\n                        \n<div class=\"directorist-archive-items directorist-archive-list-view\">\n    <div class=\"directorist-container-fluid\">\n\n        \n            \n            <div class=\"directorist-archive-notfound\">No listings found.<\/div>\n\n            <\/div>\n<\/div>                    <\/section>\n                <\/div>\n            <\/div>\n        <\/div>\n    <\/div>\n\n<\/div>\t\t\t\t<\/div>\n\t\t\t\t<\/div>\n\t\t\t\t\t<\/div>\n\t\t\t\t<\/div>\n\t\t\t\t<\/div>","protected":false},"excerpt":{"rendered":"<p>Location Naviguez selon vos envies Gr\u00e2ce \u00e0 notre r\u00e9seau international, acc\u00e9dez \u00e0 une s\u00e9lection exclusive de yachts d\u2019exception disponibles toute [&hellip;]<\/p>","protected":false},"author":1,"featured_media":0,"parent":0,"menu_order":0,"comment_status":"closed","ping_status":"closed","template":"","meta":{"site-sidebar-layout":"no-sidebar","site-content-layout":"","ast-site-content-layout":"full-width-container","site-content-style":"default","site-sidebar-style":"default","ast-global-header-display":"","ast-banner-title-visibility":"","ast-main-header-display":"","ast-hfb-above-header-display":"","ast-hfb-below-header-display":"","ast-hfb-mobile-header-display":"","site-post-title":"","ast-breadcrumbs-content":"","ast-featured-img":"disabled","footer-sml-layout":"","theme-transparent-header-meta":"","adv-header-id-meta":"","stick-header-meta":"","header-above-stick-meta":"","header-main-stick-meta":"","header-below-stick-meta":"","astra-migrate-meta-layouts":"default","ast-page-background-enabled":"default","ast-page-background-meta":{"desktop":{"background-color":"var(--ast-global-color-5)","background-image":"","background-repeat":"repeat","background-position":"center center","background-size":"auto","background-attachment":"scroll","background-type":"","background-media":"","overlay-type":"","overlay-color":"","overlay-opacity":"","overlay-gradient":""},"tablet":{"background-color":"","background-image":"","background-repeat":"repeat","background-position":"center center","background-size":"auto","background-attachment":"scroll","background-type":"","background-media":"","overlay-type":"","overlay-color":"","overlay-opacity":"","overlay-gradient":""},"mobile":{"background-color":"","background-image":"","background-repeat":"repeat","background-position":"center center","background-size":"auto","background-attachment":"scroll","background-type":"","background-media":"","overlay-type":"","overlay-color":"","overlay-opacity":"","overlay-gradient":""}},"ast-content-background-meta":{"desktop":{"background-color":"var(--ast-global-color-4)","background-image":"","background-repeat":"repeat","background-position":"center center","background-size":"auto","background-attachment":"scroll","background-type":"","background-media":"","overlay-type":"","overlay-color":"","overlay-opacity":"","overlay-gradient":""},"tablet":{"background-color":"var(--ast-global-color-4)","background-image":"","background-repeat":"repeat","background-position":"center center","background-size":"auto","background-attachment":"scroll","background-type":"","background-media":"","overlay-type":"","overlay-color":"","overlay-opacity":"","overlay-gradient":""},"mobile":{"background-color":"var(--ast-global-color-4)","background-image":"","background-repeat":"repeat","background-position":"center center","background-size":"auto","background-attachment":"scroll","background-type":"","background-media":"","overlay-type":"","overlay-color":"","overlay-opacity":"","overlay-gradient":""}},"footnotes":""},"class_list":["post-35","page","type-page","status-publish","hentry"],"_links":{"self":[{"href":"https:\/\/heaven-sea.com\/en\/wp-json\/wp\/v2\/pages\/35","targetHints":{"allow":["GET"]}}],"collection":[{"href":"https:\/\/heaven-sea.com\/en\/wp-json\/wp\/v2\/pages"}],"about":[{"href":"https:\/\/heaven-sea.com\/en\/wp-json\/wp\/v2\/types\/page"}],"author":[{"embeddable":true,"href":"https:\/\/heaven-sea.com\/en\/wp-json\/wp\/v2\/users\/1"}],"replies":[{"embeddable":true,"href":"https:\/\/heaven-sea.com\/en\/wp-json\/wp\/v2\/comments?post=35"}],"version-history":[{"count":3,"href":"https:\/\/heaven-sea.com\/en\/wp-json\/wp\/v2\/pages\/35\/revisions"}],"predecessor-version":[{"id":5542,"href":"https:\/\/heaven-sea.com\/en\/wp-json\/wp\/v2\/pages\/35\/revisions\/5542"}],"wp:attachment":[{"href":"https:\/\/heaven-sea.com\/en\/wp-json\/wp\/v2\/media?parent=35"}],"curies":[{"name":"wp","href":"https:\/\/api.w.org\/{rel}","templated":true}]}}