{"id":41,"date":"2025-09-26T16:46:32","date_gmt":"2025-09-26T14:46:32","guid":{"rendered":"http:\/\/heavenk.cluster100.hosting.ovh.net\/?page_id=41"},"modified":"2025-11-14T17:18:43","modified_gmt":"2025-11-14T16:18:43","slug":"mise-en-relation","status":"publish","type":"page","link":"https:\/\/heaven-sea.com\/en\/mise-en-relation\/","title":{"rendered":"Connecting sellers and buyers"},"content":{"rendered":"<div data-elementor-type=\"wp-page\" data-elementor-id=\"41\" class=\"elementor elementor-41\" data-elementor-post-type=\"page\">\n\t\t\t\t<div class=\"elementor-element elementor-element-352bf9f e-flex e-con-boxed e-con e-parent\" data-id=\"352bf9f\" data-element_type=\"container\">\n\t\t\t\t\t<div class=\"e-con-inner\">\n\t\t<div class=\"elementor-element elementor-element-2161c90 e-flex e-con-boxed e-con e-child\" data-id=\"2161c90\" data-element_type=\"container\" data-settings=\"{&quot;background_background&quot;:&quot;classic&quot;}\">\n\t\t\t\t\t<div class=\"e-con-inner\">\n\t\t\t\t<div class=\"elementor-element elementor-element-12b26a0 elementor-widget__width-inherit elementor-widget elementor-widget-heading\" data-id=\"12b26a0\" data-element_type=\"widget\" data-widget_type=\"heading.default\">\n\t\t\t\t\t<h1 class=\"elementor-heading-title elementor-size-default\">Connecting sellers and buyers<\/h1>\t\t\t\t<\/div>\n\t\t\t\t\t<\/div>\n\t\t\t\t<\/div>\n\t\t\t\t\t<\/div>\n\t\t\t\t<\/div>\n\t\t<div class=\"elementor-element elementor-element-d78abdc e-flex e-con-boxed e-con e-parent\" data-id=\"d78abdc\" data-element_type=\"container\">\n\t\t\t\t\t<div class=\"e-con-inner\">\n\t\t\t\t<div class=\"elementor-element elementor-element-6ccfc87 elementor-widget elementor-widget-heading\" data-id=\"6ccfc87\" data-element_type=\"widget\" data-widget_type=\"heading.default\">\n\t\t\t\t\t<h2 class=\"elementor-heading-title elementor-size-default\">FINDING THE RIGHT YACHT<\/h2>\t\t\t\t<\/div>\n\t\t\t\t<div class=\"elementor-element elementor-element-d7a6eff elementor-widget elementor-widget-text-editor\" data-id=\"d7a6eff\" data-element_type=\"widget\" data-widget_type=\"text-editor.default\">\n\t\t\t\t\t\t\t\t\t<p data-start=\"250\" data-end=\"762\" class=\"translation-block\">Finding the ideal yacht has never been easier. Thanks to our <strong data-start=\"327\" data-end=\"361\">personalized matchmaking service<\/strong>, our Yacht Brokers handle everything: identifying <strong>the<\/strong> <strong>best<\/strong> <strong>market opportunities<\/strong>, <strong>analyzing<\/strong> <strong>offers with precision<\/strong>, and connecting you directly with the right contacts, buyers or sellers, <strong>with complete transparency<\/strong>.<\/p><p data-start=\"250\" data-end=\"762\" class=\"translation-block\"><br data-start=\"607\" data-end=\"610\">Our mission: to help you <strong>save time<\/strong>, avoid the pitfalls of an often opaque market, and ensure a <strong>smooth<\/strong>, <strong>confidential<\/strong>, and <strong>stress-free<\/strong> experience.<\/p><p data-start=\"764\" data-end=\"1077\" class=\"translation-block\">With <strong>Heavensea<\/strong>, you benefit from <strong>tailored support<\/strong> based on <strong>trust<\/strong>, <strong>expertise<\/strong>, and <strong>passion for the sea<\/strong>. Whether you are looking to acquire your first yacht or sell an exceptional vessel, we do everything possible to turn your project into reality, <strong>stress-free, without compromise<\/strong>.<\/p><p data-start=\"1079\" data-end=\"1136\" class=\"translation-block\"><strong>Your Yacht, Your Rules<\/strong>. We take care of the rest.<\/p>\t\t\t\t\t\t\t\t<\/div>\n\t\t<div class=\"elementor-element elementor-element-13ba4a7 e-con-full e-flex e-con e-child\" data-id=\"13ba4a7\" data-element_type=\"container\" data-settings=\"{&quot;background_background&quot;:&quot;classic&quot;}\">\n\t\t\t\t<div class=\"elementor-element elementor-element-ee90fb9 elementor-widget elementor-widget-heading\" data-id=\"ee90fb9\" data-element_type=\"widget\" data-widget_type=\"heading.default\">\n\t\t\t\t\t<h2 class=\"elementor-heading-title elementor-size-default\">Your Projects, in 3 Steps<\/h2>\t\t\t\t<\/div>\n\t\t<div class=\"elementor-element elementor-element-243caa8 e-con-full e-flex e-con e-child\" data-id=\"243caa8\" data-element_type=\"container\">\n\t\t\t\t<div class=\"elementor-element elementor-element-202fa5f elementor-widget__width-initial elementor-widget-tablet__width-inherit elementor-widget elementor-widget-image\" data-id=\"202fa5f\" data-element_type=\"widget\" id=\"IMAGE1\" data-settings=\"{&quot;motion_fx_motion_fx_scrolling&quot;:&quot;yes&quot;,&quot;motion_fx_translateY_effect&quot;:&quot;yes&quot;,&quot;motion_fx_devices&quot;:[&quot;desktop&quot;],&quot;motion_fx_translateY_speed&quot;:{&quot;unit&quot;:&quot;px&quot;,&quot;size&quot;:4,&quot;sizes&quot;:[]},&quot;motion_fx_translateY_affectedRange&quot;:{&quot;unit&quot;:&quot;%&quot;,&quot;size&quot;:&quot;&quot;,&quot;sizes&quot;:{&quot;start&quot;:0,&quot;end&quot;:100}}}\" data-widget_type=\"image.default\">\n\t\t\t\t\t\t\t\t\t\t\t\t\t\t\t<img fetchpriority=\"high\" decoding=\"async\" width=\"1024\" height=\"1024\" src=\"https:\/\/heaven-sea.com\/wp-content\/uploads\/2025\/10\/close-up-two-businesspeople-checking-document-restaurant-1024x1024.webp\" class=\"attachment-large size-large wp-image-4800\" alt=\"\" srcset=\"https:\/\/heaven-sea.com\/wp-content\/uploads\/2025\/10\/close-up-two-businesspeople-checking-document-restaurant-1024x1024.webp 1024w, https:\/\/heaven-sea.com\/wp-content\/uploads\/2025\/10\/close-up-two-businesspeople-checking-document-restaurant-300x300.webp 300w, https:\/\/heaven-sea.com\/wp-content\/uploads\/2025\/10\/elementor\/thumbs\/close-up-two-businesspeople-checking-document-restaurant-scaled-rdhc6z7elnrl63xekn6chneraydmhh107s294r8rbw.webp 150w, https:\/\/heaven-sea.com\/wp-content\/uploads\/2025\/10\/close-up-two-businesspeople-checking-document-restaurant-768x768.webp 768w, https:\/\/heaven-sea.com\/wp-content\/uploads\/2025\/10\/close-up-two-businesspeople-checking-document-restaurant-1536x1536.webp 1536w, https:\/\/heaven-sea.com\/wp-content\/uploads\/2025\/10\/close-up-two-businesspeople-checking-document-restaurant-2048x2048.webp 2048w\" sizes=\"(max-width: 1024px) 100vw, 1024px\" \/>\t\t\t\t\t\t\t\t\t\t\t\t\t\t\t<\/div>\n\t\t<div class=\"elementor-element elementor-element-bfd9199 e-con-full e-flex e-con e-child\" data-id=\"bfd9199\" data-element_type=\"container\" id=\"111\">\n\t\t\t\t<div class=\"elementor-element elementor-element-aa7fc2b elementor-widget elementor-widget-heading\" data-id=\"aa7fc2b\" data-element_type=\"widget\" data-widget_type=\"heading.default\">\n\t\t\t\t\t<h3 class=\"elementor-heading-title elementor-size-default\">Understanding Your Needs<\/h3>\t\t\t\t<\/div>\n\t\t\t\t<div class=\"elementor-element elementor-element-b9f8b4f elementor-widget elementor-widget-text-editor\" data-id=\"b9f8b4f\" data-element_type=\"widget\" data-widget_type=\"text-editor.default\">\n\t\t\t\t\t\t\t\t\t<p data-start=\"189\" data-end=\"646\" class=\"translation-block\">Whether you are looking to acquire the yacht of your dreams or sell yours, we take the time to understand <strong>your goals<\/strong>, <strong>your priorities<\/strong>, and <strong>your sailing style<\/strong>.<\/p><p data-start=\"189\" data-end=\"646\" class=\"translation-block\">Every detail matters: size, design, performance, amenities\u2026 This step allows us to precisely define <strong>the ideal profile of your future acquisition<\/strong> or <strong>showcase your yacht<\/strong> to attract the most qualified buyers.<\/p>\t\t\t\t\t\t\t\t<\/div>\n\t\t\t\t<div class=\"elementor-element elementor-element-c2ccfdf elementor-widget elementor-widget-heading\" data-id=\"c2ccfdf\" data-element_type=\"widget\" id=\"111\" data-widget_type=\"heading.default\">\n\t\t\t\t\t<h2 class=\"elementor-heading-title elementor-size-default\">1<\/h2>\t\t\t\t<\/div>\n\t\t\t\t<\/div>\n\t\t\t\t<\/div>\n\t\t<div class=\"elementor-element elementor-element-925028d e-con-full e-flex e-con e-child\" data-id=\"925028d\" data-element_type=\"container\">\n\t\t<div class=\"elementor-element elementor-element-8eea189 e-con-full e-flex e-con e-child\" data-id=\"8eea189\" data-element_type=\"container\" id=\"serv2\" data-settings=\"{&quot;motion_fx_motion_fx_scrolling&quot;:&quot;yes&quot;,&quot;motion_fx_translateY_effect&quot;:&quot;yes&quot;,&quot;motion_fx_devices&quot;:[&quot;desktop&quot;],&quot;motion_fx_translateY_speed&quot;:{&quot;unit&quot;:&quot;px&quot;,&quot;size&quot;:4,&quot;sizes&quot;:[]},&quot;motion_fx_translateY_affectedRange&quot;:{&quot;unit&quot;:&quot;%&quot;,&quot;size&quot;:&quot;&quot;,&quot;sizes&quot;:{&quot;start&quot;:0,&quot;end&quot;:100}}}\">\n\t\t\t\t<div class=\"elementor-element elementor-element-68a94ba elementor-widget elementor-widget-heading\" data-id=\"68a94ba\" data-element_type=\"widget\" id=\"serv2\" data-widget_type=\"heading.default\">\n\t\t\t\t\t<h3 class=\"elementor-heading-title elementor-size-default\">Presenting a Selection of Yachts \/ Buyers<\/h3>\t\t\t\t<\/div>\n\t\t\t\t<div class=\"elementor-element elementor-element-2b07c02 elementor-widget elementor-widget-text-editor\" data-id=\"2b07c02\" data-element_type=\"widget\" data-widget_type=\"text-editor.default\">\n\t\t\t\t\t\t\t\t\t<p class=\"translation-block\">For buyers, we present a carefully curated selection of yachts that meet <strong>your criteria<\/strong>, drawn from <strong>our exclusive network<\/strong> and <strong>our in-depth market knowledge<\/strong>.<\/p><p class=\"translation-block\">For sellers, we identify the most serious and suitable potential buyers for your yacht, ensuring <strong>effective and high-quality connections<\/strong>. Each option is carefully analyzed so that you can confidently move towards <strong>your goal<\/strong>.<\/p>\t\t\t\t\t\t\t\t<\/div>\n\t\t\t\t<div class=\"elementor-element elementor-element-3e8356d elementor-widget elementor-widget-heading\" data-id=\"3e8356d\" data-element_type=\"widget\" id=\"222\" data-widget_type=\"heading.default\">\n\t\t\t\t\t<h2 class=\"elementor-heading-title elementor-size-default\">2<\/h2>\t\t\t\t<\/div>\n\t\t\t\t<\/div>\n\t\t\t\t<div class=\"elementor-element elementor-element-5ff8ac3 elementor-widget__width-initial elementor-widget-tablet__width-inherit elementor-widget elementor-widget-image\" data-id=\"5ff8ac3\" data-element_type=\"widget\" data-widget_type=\"image.default\">\n\t\t\t\t\t\t\t\t\t\t\t\t\t\t\t<img decoding=\"async\" width=\"1024\" height=\"683\" src=\"https:\/\/heaven-sea.com\/wp-content\/uploads\/2025\/11\/fond2-heavensea-1024x683.webp\" class=\"attachment-large size-large wp-image-5397\" alt=\"\" srcset=\"https:\/\/heaven-sea.com\/wp-content\/uploads\/2025\/11\/fond2-heavensea-1024x683.webp 1024w, https:\/\/heaven-sea.com\/wp-content\/uploads\/2025\/11\/fond2-heavensea-300x200.webp 300w, https:\/\/heaven-sea.com\/wp-content\/uploads\/2025\/11\/fond2-heavensea-768x512.webp 768w, https:\/\/heaven-sea.com\/wp-content\/uploads\/2025\/11\/fond2-heavensea-18x12.webp 18w, https:\/\/heaven-sea.com\/wp-content\/uploads\/2025\/11\/fond2-heavensea.webp 1152w\" sizes=\"(max-width: 1024px) 100vw, 1024px\" \/>\t\t\t\t\t\t\t\t\t\t\t\t\t\t\t<\/div>\n\t\t\t\t<\/div>\n\t\t<div class=\"elementor-element elementor-element-e74b011 e-con-full e-flex e-con e-child\" data-id=\"e74b011\" data-element_type=\"container\">\n\t\t<div class=\"elementor-element elementor-element-674326b e-con-full e-flex e-con e-child\" data-id=\"674326b\" data-element_type=\"container\">\n\t\t\t\t<div class=\"elementor-element elementor-element-d08fd2f elementor-widget__width-initial elementor-widget-tablet__width-inherit elementor-widget elementor-widget-image\" data-id=\"d08fd2f\" data-element_type=\"widget\" data-settings=\"{&quot;motion_fx_motion_fx_scrolling&quot;:&quot;yes&quot;,&quot;motion_fx_translateY_effect&quot;:&quot;yes&quot;,&quot;motion_fx_devices&quot;:[&quot;desktop&quot;],&quot;motion_fx_translateY_speed&quot;:{&quot;unit&quot;:&quot;px&quot;,&quot;size&quot;:4,&quot;sizes&quot;:[]},&quot;motion_fx_translateY_affectedRange&quot;:{&quot;unit&quot;:&quot;%&quot;,&quot;size&quot;:&quot;&quot;,&quot;sizes&quot;:{&quot;start&quot;:0,&quot;end&quot;:100}}}\" data-widget_type=\"image.default\">\n\t\t\t\t\t\t\t\t\t\t\t\t\t\t\t<img decoding=\"async\" width=\"1024\" height=\"1024\" src=\"https:\/\/heaven-sea.com\/wp-content\/uploads\/2025\/10\/close-up-person-signing-certificate-1024x1024.webp\" class=\"attachment-large size-large wp-image-4799\" alt=\"\" srcset=\"https:\/\/heaven-sea.com\/wp-content\/uploads\/2025\/10\/close-up-person-signing-certificate-1024x1024.webp 1024w, https:\/\/heaven-sea.com\/wp-content\/uploads\/2025\/10\/close-up-person-signing-certificate-300x300.webp 300w, https:\/\/heaven-sea.com\/wp-content\/uploads\/2025\/10\/close-up-person-signing-certificate-150x150.webp 150w, https:\/\/heaven-sea.com\/wp-content\/uploads\/2025\/10\/close-up-person-signing-certificate-768x768.webp 768w, https:\/\/heaven-sea.com\/wp-content\/uploads\/2025\/10\/close-up-person-signing-certificate-1536x1536.webp 1536w, https:\/\/heaven-sea.com\/wp-content\/uploads\/2025\/10\/close-up-person-signing-certificate-2048x2048.webp 2048w\" sizes=\"(max-width: 1024px) 100vw, 1024px\" \/>\t\t\t\t\t\t\t\t\t\t\t\t\t\t\t<\/div>\n\t\t<div class=\"elementor-element elementor-element-69d4b2c e-con-full e-flex e-con e-child\" data-id=\"69d4b2c\" data-element_type=\"container\" id=\"serv3\">\n\t\t\t\t<div class=\"elementor-element elementor-element-1fca163 elementor-widget elementor-widget-heading\" data-id=\"1fca163\" data-element_type=\"widget\" data-widget_type=\"heading.default\">\n\t\t\t\t\t<h3 class=\"elementor-heading-title elementor-size-default\">Administration and Transactions<\/h3>\t\t\t\t<\/div>\n\t\t\t\t<div class=\"elementor-element elementor-element-0de8254 elementor-widget elementor-widget-text-editor\" data-id=\"0de8254\" data-element_type=\"widget\" data-widget_type=\"text-editor.default\">\n\t\t\t\t\t\t\t\t\t<p class=\"translation-block\">We handle all <strong>legal<\/strong>, <strong>tax<\/strong>, and <strong>administrative procedures<\/strong>, whether you are buying or selling.<\/p><p class=\"translation-block\">From the contract to technical inspections, including financial security, we ensure that every step is <strong>transparent<\/strong> and <strong>smooth<\/strong>. This allows you to complete the transaction with peace of mind and <strong>focus on what truly matters<\/strong>: enjoying your yacht or welcoming its new owner with complete confidence.<\/p>\t\t\t\t\t\t\t\t<\/div>\n\t\t\t\t<div class=\"elementor-element elementor-element-a36fc8e elementor-widget elementor-widget-heading\" data-id=\"a36fc8e\" data-element_type=\"widget\" id=\"333\" data-widget_type=\"heading.default\">\n\t\t\t\t\t<h2 class=\"elementor-heading-title elementor-size-default\">3<\/h2>\t\t\t\t<\/div>\n\t\t\t\t<\/div>\n\t\t\t\t<\/div>\n\t\t\t\t<\/div>\n\t\t\t\t<\/div>\n\t\t\t\t\t<\/div>\n\t\t\t\t<\/div>\n\t\t<div class=\"elementor-element elementor-element-4181e2f e-flex e-con-boxed e-con e-parent\" data-id=\"4181e2f\" data-element_type=\"container\">\n\t\t\t\t\t<div class=\"e-con-inner\">\n\t\t<div class=\"elementor-element elementor-element-3ea14d8 e-con-full e-flex e-con e-child\" data-id=\"3ea14d8\" data-element_type=\"container\">\n\t\t\t\t<div class=\"elementor-element elementor-element-409e468 elementor-widget elementor-widget-heading\" data-id=\"409e468\" data-element_type=\"widget\" data-widget_type=\"heading.default\">\n\t\t\t\t\t<h2 class=\"elementor-heading-title elementor-size-default\">Have a project? We\u2019d be glad to discuss it.<\/h2>\t\t\t\t<\/div>\n\t\t\t\t<\/div>\n\t\t\t\t\t<\/div>\n\t\t\t\t<\/div>\n\t\t<div class=\"elementor-element elementor-element-3b9f6b1 e-flex e-con-boxed e-con e-parent\" data-id=\"3b9f6b1\" data-element_type=\"container\">\n\t\t\t\t\t<div class=\"e-con-inner\">\n\t\t<div class=\"elementor-element elementor-element-c35eb69 e-con-full e-flex e-con e-child\" data-id=\"c35eb69\" data-element_type=\"container\">\n\t\t\t\t<div class=\"elementor-element elementor-element-0378e42 elementor-widget elementor-widget-image\" data-id=\"0378e42\" data-element_type=\"widget\" data-widget_type=\"image.default\">\n\t\t\t\t\t\t\t\t\t\t\t\t\t\t\t<img decoding=\"async\" src=\"https:\/\/heaven-sea.com\/wp-content\/uploads\/elementor\/thumbs\/unnamed-renhk0p4og8o4bcmo51lc6kfcmajmcjrf8vqclkw9s.png\" title=\"unnamed\" alt=\"unnamed\" loading=\"lazy\" \/>\t\t\t\t\t\t\t\t\t\t\t\t\t\t\t<\/div>\n\t\t\t\t<div class=\"elementor-element elementor-element-f8115e1 elementor-widget elementor-widget-heading\" data-id=\"f8115e1\" data-element_type=\"widget\" data-widget_type=\"heading.default\">\n\t\t\t\t\t<h2 class=\"elementor-heading-title elementor-size-default\">Maxence VILLEDIEU<\/h2>\t\t\t\t<\/div>\n\t\t\t\t<div class=\"elementor-element elementor-element-f0db3bd elementor-widget elementor-widget-heading\" data-id=\"f0db3bd\" data-element_type=\"widget\" data-widget_type=\"heading.default\">\n\t\t\t\t\t<h2 class=\"elementor-heading-title elementor-size-default\">Yacht Broker<\/h2>\t\t\t\t<\/div>\n\t\t<div class=\"elementor-element elementor-element-6f3576c e-con-full e-flex e-con e-child\" data-id=\"6f3576c\" data-element_type=\"container\">\n\t\t\t\t<div class=\"elementor-element elementor-element-8c47b31 elementor-widget elementor-widget-heading\" data-id=\"8c47b31\" data-element_type=\"widget\" data-widget_type=\"heading.default\">\n\t\t\t\t\t<h2 class=\"elementor-heading-title elementor-size-default\">maxence.villedieu@heaven-sea.com<\/h2>\t\t\t\t<\/div>\n\t\t\t\t<\/div>\n\t\t\t\t<\/div>\n\t\t<div class=\"elementor-element elementor-element-2a7241f e-con-full e-flex e-con e-child\" data-id=\"2a7241f\" data-element_type=\"container\">\n\t\t\t\t<div class=\"elementor-element elementor-element-1492062 form-contact eael-contact-form-7-button-align-center elementor-widget__width-initial eael-contact-form-7-button-custom elementor-widget elementor-widget-eael-contact-form-7\" data-id=\"1492062\" data-element_type=\"widget\" data-widget_type=\"eael-contact-form-7.default\">\n\t\t\t\t\t<div class=\"eael-contact-form-7-wrapper\">\n                <div class=\"eael-contact-form eael-contact-form-7 eael-contact-form-1492062 placeholder-show eael-contact-form-align-default\"><div class=\"eael-contact-form-7-heading\"><\/div>\n<div class=\"wpcf7 no-js\" id=\"wpcf7-f5260-o1\" lang=\"fr-FR\" dir=\"ltr\" data-wpcf7-id=\"5260\">\n<div class=\"screen-reader-response\"><p role=\"status\" aria-live=\"polite\" aria-atomic=\"true\"><\/p> <ul><\/ul><\/div>\n<form action=\"\/en\/wp-json\/wp\/v2\/pages\/41#wpcf7-f5260-o1\" method=\"post\" class=\"wpcf7-form init\" aria-label=\"Formulaire de contact\" novalidate=\"novalidate\" data-status=\"init\" data-trp-original-action=\"\/en\/wp-json\/wp\/v2\/pages\/41#wpcf7-f5260-o1\">\n<fieldset class=\"hidden-fields-container\"><input type=\"hidden\" name=\"_wpcf7\" value=\"5260\" \/><input type=\"hidden\" name=\"_wpcf7_version\" value=\"6.1.3\" \/><input type=\"hidden\" name=\"_wpcf7_locale\" value=\"fr_FR\" \/><input type=\"hidden\" name=\"_wpcf7_unit_tag\" value=\"wpcf7-f5260-o1\" \/><input type=\"hidden\" name=\"_wpcf7_container_post\" value=\"0\" \/><input type=\"hidden\" name=\"_wpcf7_posted_data_hash\" value=\"\" \/>\n<\/fieldset>\n<p><label> Name<br \/>\n<span class=\"wpcf7-form-control-wrap\" data-name=\"your-name\"><input size=\"40\" maxlength=\"400\" class=\"wpcf7-form-control wpcf7-text wpcf7-validates-as-required\" autocomplete=\"name\" aria-required=\"true\" aria-invalid=\"false\" value=\"\" type=\"text\" name=\"your-name\" \/><\/span> <\/label>\n<\/p>\n<p><label> E-mail<br \/>\n<span class=\"wpcf7-form-control-wrap\" data-name=\"your-email\"><input size=\"40\" maxlength=\"400\" class=\"wpcf7-form-control wpcf7-email wpcf7-validates-as-required wpcf7-text wpcf7-validates-as-email\" autocomplete=\"email\" aria-required=\"true\" aria-invalid=\"false\" value=\"\" type=\"email\" name=\"your-email\" \/><\/span> <\/label>\n<\/p>\n<p><label> Phone Number<br \/>\n<span class=\"wpcf7-form-control-wrap\" data-name=\"your-phone\"><input size=\"40\" maxlength=\"400\" class=\"wpcf7-form-control wpcf7-tel wpcf7-validates-as-required wpcf7-text wpcf7-validates-as-tel\" aria-required=\"true\" aria-invalid=\"false\" value=\"\" type=\"tel\" name=\"your-phone\" \/><\/span> <\/label>\n<\/p>\n<p><label> Message<br \/>\n<span class=\"wpcf7-form-control-wrap\" data-name=\"your-message\"><textarea cols=\"40\" rows=\"10\" maxlength=\"2000\" class=\"wpcf7-form-control wpcf7-textarea\" aria-invalid=\"false\" name=\"your-message\"><\/textarea><\/span> <\/label>\n<\/p>\n<p><input class=\"wpcf7-form-control wpcf7-submit has-spinner\" type=\"submit\" value=\"Send\" \/>\n<\/p><div class=\"wpcf7-response-output\" aria-hidden=\"true\"><\/div>\n<input type=\"hidden\" name=\"trp-form-language\" value=\"en\"\/><\/form>\n<\/div>\n<\/div>\n            <\/div>\t\t\t\t<\/div>\n\t\t\t\t<\/div>\n\t\t\t\t\t<\/div>\n\t\t\t\t<\/div>\n\t\t\t\t<\/div>","protected":false},"excerpt":{"rendered":"<p>Mise en relation Comment trouver le bon yacht ? Trouver le yacht id\u00e9al n\u2019a jamais \u00e9t\u00e9 aussi simple. Gr\u00e2ce \u00e0 [&hellip;]<\/p>","protected":false},"author":1,"featured_media":0,"parent":0,"menu_order":0,"comment_status":"closed","ping_status":"closed","template":"elementor_header_footer","meta":{"site-sidebar-layout":"no-sidebar","site-content-layout":"","ast-site-content-layout":"full-width-container","site-content-style":"default","site-sidebar-style":"default","ast-global-header-display":"","ast-banner-title-visibility":"","ast-main-header-display":"","ast-hfb-above-header-display":"","ast-hfb-below-header-display":"","ast-hfb-mobile-header-display":"","site-post-title":"","ast-breadcrumbs-content":"","ast-featured-img":"disabled","footer-sml-layout":"","theme-transparent-header-meta":"","adv-header-id-meta":"","stick-header-meta":"","header-above-stick-meta":"","header-main-stick-meta":"","header-below-stick-meta":"","astra-migrate-meta-layouts":"default","ast-page-background-enabled":"default","ast-page-background-meta":{"desktop":{"background-color":"var(--ast-global-color-5)","background-image":"","background-repeat":"repeat","background-position":"center center","background-size":"auto","background-attachment":"scroll","background-type":"","background-media":"","overlay-type":"","overlay-color":"","overlay-opacity":"","overlay-gradient":""},"tablet":{"background-color":"","background-image":"","background-repeat":"repeat","background-position":"center center","background-size":"auto","background-attachment":"scroll","background-type":"","background-media":"","overlay-type":"","overlay-color":"","overlay-opacity":"","overlay-gradient":""},"mobile":{"background-color":"","background-image":"","background-repeat":"repeat","background-position":"center center","background-size":"auto","background-attachment":"scroll","background-type":"","background-media":"","overlay-type":"","overlay-color":"","overlay-opacity":"","overlay-gradient":""}},"ast-content-background-meta":{"desktop":{"background-color":"var(--ast-global-color-4)","background-image":"","background-repeat":"repeat","background-position":"center center","background-size":"auto","background-attachment":"scroll","background-type":"","background-media":"","overlay-type":"","overlay-color":"","overlay-opacity":"","overlay-gradient":""},"tablet":{"background-color":"var(--ast-global-color-4)","background-image":"","background-repeat":"repeat","background-position":"center center","background-size":"auto","background-attachment":"scroll","background-type":"","background-media":"","overlay-type":"","overlay-color":"","overlay-opacity":"","overlay-gradient":""},"mobile":{"background-color":"var(--ast-global-color-4)","background-image":"","background-repeat":"repeat","background-position":"center center","background-size":"auto","background-attachment":"scroll","background-type":"","background-media":"","overlay-type":"","overlay-color":"","overlay-opacity":"","overlay-gradient":""}},"footnotes":""},"class_list":["post-41","page","type-page","status-publish","hentry"],"_links":{"self":[{"href":"https:\/\/heaven-sea.com\/en\/wp-json\/wp\/v2\/pages\/41","targetHints":{"allow":["GET"]}}],"collection":[{"href":"https:\/\/heaven-sea.com\/en\/wp-json\/wp\/v2\/pages"}],"about":[{"href":"https:\/\/heaven-sea.com\/en\/wp-json\/wp\/v2\/types\/page"}],"author":[{"embeddable":true,"href":"https:\/\/heaven-sea.com\/en\/wp-json\/wp\/v2\/users\/1"}],"replies":[{"embeddable":true,"href":"https:\/\/heaven-sea.com\/en\/wp-json\/wp\/v2\/comments?post=41"}],"version-history":[{"count":6,"href":"https:\/\/heaven-sea.com\/en\/wp-json\/wp\/v2\/pages\/41\/revisions"}],"predecessor-version":[{"id":5532,"href":"https:\/\/heaven-sea.com\/en\/wp-json\/wp\/v2\/pages\/41\/revisions\/5532"}],"wp:attachment":[{"href":"https:\/\/heaven-sea.com\/en\/wp-json\/wp\/v2\/media?parent=41"}],"curies":[{"name":"wp","href":"https:\/\/api.w.org\/{rel}","templated":true}]}}