{"id":43,"date":"2025-09-26T16:46:46","date_gmt":"2025-09-26T14:46:46","guid":{"rendered":"http:\/\/heavenk.cluster100.hosting.ovh.net\/?page_id=43"},"modified":"2025-11-14T17:17:05","modified_gmt":"2025-11-14T16:17:05","slug":"conseil-360","status":"publish","type":"page","link":"https:\/\/heaven-sea.com\/en\/conseil-360\/","title":{"rendered":"Strategic Value Optimization"},"content":{"rendered":"<div data-elementor-type=\"wp-page\" data-elementor-id=\"43\" class=\"elementor elementor-43\" data-elementor-post-type=\"page\">\n\t\t\t\t<div class=\"elementor-element elementor-element-1aac43f e-flex e-con-boxed e-con e-parent\" data-id=\"1aac43f\" data-element_type=\"container\">\n\t\t\t\t\t<div class=\"e-con-inner\">\n\t\t<div class=\"elementor-element elementor-element-cd8016e e-con-full e-flex e-con e-child\" data-id=\"cd8016e\" data-element_type=\"container\" data-settings=\"{&quot;background_background&quot;:&quot;classic&quot;}\">\n\t\t\t\t<div class=\"elementor-element elementor-element-6b24537 elementor-widget__width-inherit elementor-widget elementor-widget-heading\" data-id=\"6b24537\" data-element_type=\"widget\" data-widget_type=\"heading.default\">\n\t\t\t\t\t<h1 class=\"elementor-heading-title elementor-size-default\">Strategic Value Optimization<\/h1>\t\t\t\t<\/div>\n\t\t\t\t<\/div>\n\t\t\t\t\t<\/div>\n\t\t\t\t<\/div>\n\t\t<div class=\"elementor-element elementor-element-e648b98 e-flex e-con-boxed e-con e-parent\" data-id=\"e648b98\" data-element_type=\"container\">\n\t\t\t\t\t<div class=\"e-con-inner\">\n\t\t\t\t<div class=\"elementor-element elementor-element-ea28f68 elementor-widget elementor-widget-heading\" data-id=\"ea28f68\" data-element_type=\"widget\" data-widget_type=\"heading.default\">\n\t\t\t\t\t<h2 class=\"elementor-heading-title elementor-size-default\">Maximize Your Yacht\u2019s Value<\/h2>\t\t\t\t<\/div>\n\t\t\t\t<div class=\"elementor-element elementor-element-40ec369 elementor-widget elementor-widget-text-editor\" data-id=\"40ec369\" data-element_type=\"widget\" data-widget_type=\"text-editor.default\">\n\t\t\t\t\t\t\t\t\t<p data-start=\"250\" data-end=\"762\" class=\"translation-block\">In a highly competitive market, every detail matters to <b>achieve<\/b> <b>the<\/b> <b>best<\/b> <b>price<\/b> and sell your yacht quickly. Our approach combines <b>industry expertise<\/b> and <strong>marketing know-how<\/strong> to <strong>maximize the asset value of your vessel<\/strong>.<\/p>\t\t\t\t\t\t\t\t<\/div>\n\t\t\t\t\t<\/div>\n\t\t\t\t<\/div>\n\t\t<div class=\"elementor-element elementor-element-55b580a e-flex e-con-boxed e-con e-parent\" data-id=\"55b580a\" data-element_type=\"container\">\n\t\t\t\t\t<div class=\"e-con-inner\">\n\t\t<div class=\"elementor-element elementor-element-de24a66 e-con-full e-flex e-con e-child\" data-id=\"de24a66\" data-element_type=\"container\">\n\t\t<div class=\"elementor-element elementor-element-3ad4fd7 e-con-full e-flex e-con e-child\" data-id=\"3ad4fd7\" data-element_type=\"container\" data-settings=\"{&quot;background_background&quot;:&quot;classic&quot;}\">\n\t\t\t\t<div class=\"elementor-element elementor-element-0ead161 elementor-widget elementor-widget-image\" data-id=\"0ead161\" data-element_type=\"widget\" data-widget_type=\"image.default\">\n\t\t\t\t\t\t\t\t\t\t\t\t\t\t\t<img decoding=\"async\" src=\"https:\/\/heaven-sea.com\/wp-content\/uploads\/elementor\/thumbs\/N50_5-reqzocg4vhhfq937sm1rk1yzne0u4jng8ye172n2v8.jpg\" title=\"N50_5\" alt=\"N50_5\" loading=\"lazy\" \/>\t\t\t\t\t\t\t\t\t\t\t\t\t\t\t<\/div>\n\t\t\t\t<div class=\"elementor-element elementor-element-df98756 elementor-widget elementor-widget-heading\" data-id=\"df98756\" data-element_type=\"widget\" data-widget_type=\"heading.default\">\n\t\t\t\t\t<h2 class=\"elementor-heading-title elementor-size-default\">Listing Optimization<\/h2>\t\t\t\t<\/div>\n\t\t\t\t<div class=\"elementor-element elementor-element-a50a980 elementor-widget elementor-widget-text-editor\" data-id=\"a50a980\" data-element_type=\"widget\" data-widget_type=\"text-editor.default\">\n\t\t\t\t\t\t\t\t\t<p class=\"translation-block\">We create <strong>custom listings<\/strong> that highlight your yacht\u2019s unique features: professional copywriting, high-resolution photos and videos, technical descriptions, and storytelling to reach <strong>the most qualified buyers<\/strong>. Every element is designed to evoke emotion, enhance credibility, and generate strong engagement.<\/p>\t\t\t\t\t\t\t\t<\/div>\n\t\t\t\t<\/div>\n\t\t<div class=\"elementor-element elementor-element-f44f520 e-con-full e-flex e-con e-child\" data-id=\"f44f520\" data-element_type=\"container\" data-settings=\"{&quot;background_background&quot;:&quot;classic&quot;}\">\n\t\t\t\t<div class=\"elementor-element elementor-element-e6059ca elementor-widget elementor-widget-image\" data-id=\"e6059ca\" data-element_type=\"widget\" data-widget_type=\"image.default\">\n\t\t\t\t\t\t\t\t\t\t\t\t\t\t\t<img decoding=\"async\" src=\"https:\/\/heaven-sea.com\/wp-content\/uploads\/elementor\/thumbs\/businesswoman-using-laptop-presenting-project-report-business-meeting-closeup-scaled-rdhkruy5nle3z3f3c2m0ys83sk5gkkhbwe9iljqmo4.webp\" title=\"Businesswoman using laptop presenting project report at business\" alt=\"Businesswoman using laptop presenting project statistics report or market analysis at meeting, making offer or financial forecast, consulting clients, discussing work or negotiating, close up view\" loading=\"lazy\" \/>\t\t\t\t\t\t\t\t\t\t\t\t\t\t\t<\/div>\n\t\t\t\t<div class=\"elementor-element elementor-element-0c12ce3 elementor-widget elementor-widget-heading\" data-id=\"0c12ce3\" data-element_type=\"widget\" data-widget_type=\"heading.default\">\n\t\t\t\t\t<h2 class=\"elementor-heading-title elementor-size-default\">Market Analysis &amp; Pricing Strategy<\/h2>\t\t\t\t<\/div>\n\t\t\t\t<div class=\"elementor-element elementor-element-fb0cae2 elementor-widget elementor-widget-text-editor\" data-id=\"fb0cae2\" data-element_type=\"widget\" data-widget_type=\"text-editor.default\">\n\t\t\t\t\t\t\t\t\t<p class=\"translation-block\">Thanks to a <strong>precise market analysis<\/strong> and our <strong>in-depth industry knowledge<\/strong>, we assess the true value of your yacht by considering comparable sales, demand trends, and your geographic positioning. We then define an <strong>optimal pricing<\/strong> aligned with your financial goals to maximize offers while ensuring <strong>an effective sale<\/strong>.<\/p>\t\t\t\t\t\t\t\t<\/div>\n\t\t\t\t<\/div>\n\t\t<div class=\"elementor-element elementor-element-a743f10 e-con-full e-flex e-con e-child\" data-id=\"a743f10\" data-element_type=\"container\" data-settings=\"{&quot;background_background&quot;:&quot;classic&quot;}\">\n\t\t\t\t<div class=\"elementor-element elementor-element-6f094c4 elementor-widget elementor-widget-image\" data-id=\"6f094c4\" data-element_type=\"widget\" data-widget_type=\"image.default\">\n\t\t\t\t\t\t\t\t\t\t\t\t\t\t\t<img decoding=\"async\" src=\"https:\/\/heaven-sea.com\/wp-content\/uploads\/elementor\/thumbs\/business-people-shaking-hands-together-scaled-rdhktw9kgo6h4oglfyaxd9q24m438yke6h5e14px6s.webp\" title=\"Business people shaking hands together\" alt=\"Business people shaking hands together\" loading=\"lazy\" \/>\t\t\t\t\t\t\t\t\t\t\t\t\t\t\t<\/div>\n\t\t\t\t<div class=\"elementor-element elementor-element-2ae787c elementor-widget elementor-widget-heading\" data-id=\"2ae787c\" data-element_type=\"widget\" data-widget_type=\"heading.default\">\n\t\t\t\t\t<h2 class=\"elementor-heading-title elementor-size-default\">Negotiations and Transactions<\/h2>\t\t\t\t<\/div>\n\t\t\t\t<div class=\"elementor-element elementor-element-55d4f02 elementor-widget elementor-widget-text-editor\" data-id=\"55d4f02\" data-element_type=\"widget\" data-widget_type=\"text-editor.default\">\n\t\t\t\t\t\t\t\t\t<p class=\"my-2 [&amp;+p]:mt-4 [&amp;_strong:has(+br)]:inline-block [&amp;_strong:has(+br)]:pb-2 translation-block\">We handle the negotiation of your sale by leveraging <strong>proven tactics<\/strong> and a network of qualified buyers to achieve the best possible price. Our approach also aims to secure <strong>favorable terms<\/strong> for all parties by anticipating expectations and deploying tailored communication strategies.<\/p>\t\t\t\t\t\t\t\t<\/div>\n\t\t\t\t<\/div>\n\t\t\t\t<\/div>\n\t\t\t\t\t<\/div>\n\t\t\t\t<\/div>\n\t\t<div class=\"elementor-element elementor-element-ee4dff8 e-flex e-con-boxed e-con e-parent\" data-id=\"ee4dff8\" data-element_type=\"container\">\n\t\t\t\t\t<div class=\"e-con-inner\">\n\t\t\t\t<div class=\"elementor-element elementor-element-9045bf4 elementor-widget elementor-widget-heading\" data-id=\"9045bf4\" data-element_type=\"widget\" data-widget_type=\"heading.default\">\n\t\t\t\t\t<h2 class=\"elementor-heading-title elementor-size-default\">Your Success, Our Priority<\/h2>\t\t\t\t<\/div>\n\t\t\t\t<div class=\"elementor-element elementor-element-4746947 elementor-widget elementor-widget-text-editor\" data-id=\"4746947\" data-element_type=\"widget\" data-widget_type=\"text-editor.default\">\n\t\t\t\t\t\t\t\t\t<p data-start=\"250\" data-end=\"762\" class=\"translation-block\">Throughout the process, we provide <strong>personalized support<\/strong>, from initial contact to final signature, ensuring a <strong>smooth<\/strong>, <strong>quick<\/strong>, and <strong>financially aligned transaction<\/strong>.<\/p><p data-start=\"250\" data-end=\"762\" class=\"translation-block\">By combining digital marketing, yachting expertise, and negotiation skills, <strong>we turn each listing into an opportunity for maximum value<\/strong>. Entrust us with the sale of your yacht for an <strong>optimal<\/strong>, <strong>quick<\/strong>, and <strong>stress-free<\/strong> <strong>transaction<\/strong>.<\/p>\t\t\t\t\t\t\t\t<\/div>\n\t\t\t\t\t<\/div>\n\t\t\t\t<\/div>\n\t\t<div class=\"elementor-element elementor-element-8a19574 e-flex e-con-boxed e-con e-parent\" data-id=\"8a19574\" data-element_type=\"container\">\n\t\t\t\t\t<div class=\"e-con-inner\">\n\t\t\t\t<div class=\"elementor-element elementor-element-9c9631f elementor-widget elementor-widget-heading\" data-id=\"9c9631f\" data-element_type=\"widget\" data-widget_type=\"heading.default\">\n\t\t\t\t\t<h2 class=\"elementor-heading-title elementor-size-default\">Have a project? We\u2019d be glad to discuss it.<\/h2>\t\t\t\t<\/div>\n\t\t\t\t\t<\/div>\n\t\t\t\t<\/div>\n\t\t<div class=\"elementor-element elementor-element-62d9784 e-flex e-con-boxed e-con e-parent\" data-id=\"62d9784\" data-element_type=\"container\">\n\t\t\t\t\t<div class=\"e-con-inner\">\n\t\t<div class=\"elementor-element elementor-element-a0eb2f7 e-con-full e-flex e-con e-child\" data-id=\"a0eb2f7\" data-element_type=\"container\">\n\t\t\t\t<div class=\"elementor-element elementor-element-5a351f4 elementor-widget elementor-widget-image\" data-id=\"5a351f4\" data-element_type=\"widget\" data-widget_type=\"image.default\">\n\t\t\t\t\t\t\t\t\t\t\t\t\t\t\t<img decoding=\"async\" src=\"https:\/\/heaven-sea.com\/wp-content\/uploads\/elementor\/thumbs\/unnamed-renhk0p4og8o4bcmo51lc6kfcmajmcjrf8vqclkw9s.png\" title=\"unnamed\" alt=\"unnamed\" loading=\"lazy\" \/>\t\t\t\t\t\t\t\t\t\t\t\t\t\t\t<\/div>\n\t\t\t\t<div class=\"elementor-element elementor-element-85768d6 elementor-widget elementor-widget-heading\" data-id=\"85768d6\" data-element_type=\"widget\" data-widget_type=\"heading.default\">\n\t\t\t\t\t<h2 class=\"elementor-heading-title elementor-size-default\">Maxence VILLEDIEU<\/h2>\t\t\t\t<\/div>\n\t\t\t\t<div class=\"elementor-element elementor-element-226ff42 elementor-widget elementor-widget-heading\" data-id=\"226ff42\" data-element_type=\"widget\" data-widget_type=\"heading.default\">\n\t\t\t\t\t<h2 class=\"elementor-heading-title elementor-size-default\">Yacht Broker<\/h2>\t\t\t\t<\/div>\n\t\t<div class=\"elementor-element elementor-element-0625a84 e-con-full e-flex e-con e-child\" data-id=\"0625a84\" data-element_type=\"container\">\n\t\t\t\t<div class=\"elementor-element elementor-element-7b7cfa0 elementor-widget elementor-widget-heading\" data-id=\"7b7cfa0\" data-element_type=\"widget\" data-widget_type=\"heading.default\">\n\t\t\t\t\t<h2 class=\"elementor-heading-title elementor-size-default\">maxence.villedieu@heaven-sea.com<\/h2>\t\t\t\t<\/div>\n\t\t\t\t<\/div>\n\t\t\t\t<\/div>\n\t\t<div class=\"elementor-element elementor-element-306d957 e-con-full e-flex e-con e-child\" data-id=\"306d957\" data-element_type=\"container\">\n\t\t\t\t<div class=\"elementor-element elementor-element-b898f49 form-contact eael-contact-form-7-button-align-center elementor-widget__width-initial eael-contact-form-7-button-custom elementor-widget elementor-widget-eael-contact-form-7\" data-id=\"b898f49\" data-element_type=\"widget\" data-widget_type=\"eael-contact-form-7.default\">\n\t\t\t\t\t<div class=\"eael-contact-form-7-wrapper\">\n                <div class=\"eael-contact-form eael-contact-form-7 eael-contact-form-b898f49 placeholder-show eael-contact-form-align-default\"><div class=\"eael-contact-form-7-heading\"><\/div>\n<div class=\"wpcf7 no-js\" id=\"wpcf7-f5260-o1\" lang=\"fr-FR\" dir=\"ltr\" data-wpcf7-id=\"5260\">\n<div class=\"screen-reader-response\"><p role=\"status\" aria-live=\"polite\" aria-atomic=\"true\"><\/p> <ul><\/ul><\/div>\n<form action=\"\/en\/wp-json\/wp\/v2\/pages\/43#wpcf7-f5260-o1\" method=\"post\" class=\"wpcf7-form init\" aria-label=\"Formulaire de contact\" novalidate=\"novalidate\" data-status=\"init\" data-trp-original-action=\"\/en\/wp-json\/wp\/v2\/pages\/43#wpcf7-f5260-o1\">\n<fieldset class=\"hidden-fields-container\"><input type=\"hidden\" name=\"_wpcf7\" value=\"5260\" \/><input type=\"hidden\" name=\"_wpcf7_version\" value=\"6.1.3\" \/><input type=\"hidden\" name=\"_wpcf7_locale\" value=\"fr_FR\" \/><input type=\"hidden\" name=\"_wpcf7_unit_tag\" value=\"wpcf7-f5260-o1\" \/><input type=\"hidden\" name=\"_wpcf7_container_post\" value=\"0\" \/><input type=\"hidden\" name=\"_wpcf7_posted_data_hash\" value=\"\" \/>\n<\/fieldset>\n<p><label> Name<br \/>\n<span class=\"wpcf7-form-control-wrap\" data-name=\"your-name\"><input size=\"40\" maxlength=\"400\" class=\"wpcf7-form-control wpcf7-text wpcf7-validates-as-required\" autocomplete=\"name\" aria-required=\"true\" aria-invalid=\"false\" value=\"\" type=\"text\" name=\"your-name\" \/><\/span> <\/label>\n<\/p>\n<p><label> E-mail<br \/>\n<span class=\"wpcf7-form-control-wrap\" data-name=\"your-email\"><input size=\"40\" maxlength=\"400\" class=\"wpcf7-form-control wpcf7-email wpcf7-validates-as-required wpcf7-text wpcf7-validates-as-email\" autocomplete=\"email\" aria-required=\"true\" aria-invalid=\"false\" value=\"\" type=\"email\" name=\"your-email\" \/><\/span> <\/label>\n<\/p>\n<p><label> Phone Number<br \/>\n<span class=\"wpcf7-form-control-wrap\" data-name=\"your-phone\"><input size=\"40\" maxlength=\"400\" class=\"wpcf7-form-control wpcf7-tel wpcf7-validates-as-required wpcf7-text wpcf7-validates-as-tel\" aria-required=\"true\" aria-invalid=\"false\" value=\"\" type=\"tel\" name=\"your-phone\" \/><\/span> <\/label>\n<\/p>\n<p><label> Message<br \/>\n<span class=\"wpcf7-form-control-wrap\" data-name=\"your-message\"><textarea cols=\"40\" rows=\"10\" maxlength=\"2000\" class=\"wpcf7-form-control wpcf7-textarea\" aria-invalid=\"false\" name=\"your-message\"><\/textarea><\/span> <\/label>\n<\/p>\n<p><input class=\"wpcf7-form-control wpcf7-submit has-spinner\" type=\"submit\" value=\"Send\" \/>\n<\/p><div class=\"wpcf7-response-output\" aria-hidden=\"true\"><\/div>\n<input type=\"hidden\" name=\"trp-form-language\" value=\"en\"\/><\/form>\n<\/div>\n<\/div>\n            <\/div>\t\t\t\t<\/div>\n\t\t\t\t<\/div>\n\t\t\t\t\t<\/div>\n\t\t\t\t<\/div>\n\t\t\t\t<\/div>","protected":false},"excerpt":{"rendered":"<p>Valorisation strat\u00e9gique Optimisez la valeur de votre yacht Dans un march\u00e9 hautement concurrentiel, chaque d\u00e9tail compte pour obtenir le meilleur [&hellip;]<\/p>","protected":false},"author":1,"featured_media":0,"parent":0,"menu_order":0,"comment_status":"closed","ping_status":"closed","template":"","meta":{"site-sidebar-layout":"no-sidebar","site-content-layout":"","ast-site-content-layout":"full-width-container","site-content-style":"default","site-sidebar-style":"default","ast-global-header-display":"","ast-banner-title-visibility":"","ast-main-header-display":"","ast-hfb-above-header-display":"","ast-hfb-below-header-display":"","ast-hfb-mobile-header-display":"","site-post-title":"","ast-breadcrumbs-content":"","ast-featured-img":"disabled","footer-sml-layout":"","theme-transparent-header-meta":"","adv-header-id-meta":"","stick-header-meta":"","header-above-stick-meta":"","header-main-stick-meta":"","header-below-stick-meta":"","astra-migrate-meta-layouts":"default","ast-page-background-enabled":"default","ast-page-background-meta":{"desktop":{"background-color":"var(--ast-global-color-5)","background-image":"","background-repeat":"repeat","background-position":"center center","background-size":"auto","background-attachment":"scroll","background-type":"","background-media":"","overlay-type":"","overlay-color":"","overlay-opacity":"","overlay-gradient":""},"tablet":{"background-color":"","background-image":"","background-repeat":"repeat","background-position":"center center","background-size":"auto","background-attachment":"scroll","background-type":"","background-media":"","overlay-type":"","overlay-color":"","overlay-opacity":"","overlay-gradient":""},"mobile":{"background-color":"","background-image":"","background-repeat":"repeat","background-position":"center center","background-size":"auto","background-attachment":"scroll","background-type":"","background-media":"","overlay-type":"","overlay-color":"","overlay-opacity":"","overlay-gradient":""}},"ast-content-background-meta":{"desktop":{"background-color":"var(--ast-global-color-4)","background-image":"","background-repeat":"repeat","background-position":"center center","background-size":"auto","background-attachment":"scroll","background-type":"","background-media":"","overlay-type":"","overlay-color":"","overlay-opacity":"","overlay-gradient":""},"tablet":{"background-color":"var(--ast-global-color-4)","background-image":"","background-repeat":"repeat","background-position":"center center","background-size":"auto","background-attachment":"scroll","background-type":"","background-media":"","overlay-type":"","overlay-color":"","overlay-opacity":"","overlay-gradient":""},"mobile":{"background-color":"var(--ast-global-color-4)","background-image":"","background-repeat":"repeat","background-position":"center center","background-size":"auto","background-attachment":"scroll","background-type":"","background-media":"","overlay-type":"","overlay-color":"","overlay-opacity":"","overlay-gradient":""}},"footnotes":""},"class_list":["post-43","page","type-page","status-publish","hentry"],"_links":{"self":[{"href":"https:\/\/heaven-sea.com\/en\/wp-json\/wp\/v2\/pages\/43","targetHints":{"allow":["GET"]}}],"collection":[{"href":"https:\/\/heaven-sea.com\/en\/wp-json\/wp\/v2\/pages"}],"about":[{"href":"https:\/\/heaven-sea.com\/en\/wp-json\/wp\/v2\/types\/page"}],"author":[{"embeddable":true,"href":"https:\/\/heaven-sea.com\/en\/wp-json\/wp\/v2\/users\/1"}],"replies":[{"embeddable":true,"href":"https:\/\/heaven-sea.com\/en\/wp-json\/wp\/v2\/comments?post=43"}],"version-history":[{"count":12,"href":"https:\/\/heaven-sea.com\/en\/wp-json\/wp\/v2\/pages\/43\/revisions"}],"predecessor-version":[{"id":5523,"href":"https:\/\/heaven-sea.com\/en\/wp-json\/wp\/v2\/pages\/43\/revisions\/5523"}],"wp:attachment":[{"href":"https:\/\/heaven-sea.com\/en\/wp-json\/wp\/v2\/media?parent=43"}],"curies":[{"name":"wp","href":"https:\/\/api.w.org\/{rel}","templated":true}]}}