{"id":4335,"date":"2025-10-15T17:10:50","date_gmt":"2025-10-15T15:10:50","guid":{"rendered":"http:\/\/heavenk.cluster100.hosting.ovh.net\/?page_id=4335"},"modified":"2025-11-14T17:17:36","modified_gmt":"2025-11-14T16:17:36","slug":"services-complementaires","status":"publish","type":"page","link":"https:\/\/heaven-sea.com\/en\/services-complementaires\/","title":{"rendered":"Complementary Services"},"content":{"rendered":"<div data-elementor-type=\"wp-page\" data-elementor-id=\"4335\" class=\"elementor elementor-4335\" data-elementor-post-type=\"page\">\n\t\t\t\t<div class=\"elementor-element elementor-element-47a9dd3 e-flex e-con-boxed e-con e-parent\" data-id=\"47a9dd3\" data-element_type=\"container\">\n\t\t\t\t\t<div class=\"e-con-inner\">\n\t\t<div class=\"elementor-element elementor-element-2804685 e-flex e-con-boxed e-con e-child\" data-id=\"2804685\" data-element_type=\"container\" data-settings=\"{&quot;background_background&quot;:&quot;classic&quot;}\">\n\t\t\t\t\t<div class=\"e-con-inner\">\n\t\t\t\t<div class=\"elementor-element elementor-element-bdbf55a elementor-widget__width-inherit elementor-widget elementor-widget-heading\" data-id=\"bdbf55a\" data-element_type=\"widget\" data-widget_type=\"heading.default\">\n\t\t\t\t\t<h1 class=\"elementor-heading-title elementor-size-default\">Complementary Services<\/h1>\t\t\t\t<\/div>\n\t\t\t\t\t<\/div>\n\t\t\t\t<\/div>\n\t\t\t\t\t<\/div>\n\t\t\t\t<\/div>\n\t\t<div class=\"elementor-element elementor-element-10393cf e-flex e-con-boxed e-con e-parent\" data-id=\"10393cf\" data-element_type=\"container\">\n\t\t\t\t\t<div class=\"e-con-inner\">\n\t\t\t\t<div class=\"elementor-element elementor-element-7931e77 elementor-widget elementor-widget-heading\" data-id=\"7931e77\" data-element_type=\"widget\" data-widget_type=\"heading.default\">\n\t\t\t\t\t<h2 class=\"elementor-heading-title elementor-size-default\">Your 360\u00b0 Support<\/h2>\t\t\t\t<\/div>\n\t\t\t\t<div class=\"elementor-element elementor-element-e1bf731 elementor-widget elementor-widget-text-editor\" data-id=\"e1bf731\" data-element_type=\"widget\" data-widget_type=\"text-editor.default\">\n\t\t\t\t\t\t\t\t\t<p data-start=\"250\" data-end=\"762\" class=\"translation-block\">To <strong>meet<\/strong> <strong>all operational requirements<\/strong> of your yachting project, <strong>Heavensea<\/strong> offers a range of complementary services designed to <b>simplify<\/b> <b>every<\/b> <b>practical<\/b> <b>aspect<\/b> of owning and operating your yacht.<\/p>\t\t\t\t\t\t\t\t<\/div>\n\t\t<div class=\"elementor-element elementor-element-88182db e-con-full e-flex e-con e-child\" data-id=\"88182db\" data-element_type=\"container\" data-settings=\"{&quot;background_background&quot;:&quot;classic&quot;}\">\n\t\t\t\t<div class=\"elementor-element elementor-element-518f73d elementor-widget elementor-widget-heading\" data-id=\"518f73d\" data-element_type=\"widget\" data-widget_type=\"heading.default\">\n\t\t\t\t\t<h2 class=\"elementor-heading-title elementor-size-default\">Your Projects, in 4 Steps<\/h2>\t\t\t\t<\/div>\n\t\t<div class=\"elementor-element elementor-element-3602b5d e-con-full e-flex e-con e-child\" data-id=\"3602b5d\" data-element_type=\"container\" id=\"111\">\n\t\t\t\t<div class=\"elementor-element elementor-element-d5b4f36 elementor-widget__width-initial elementor-widget-tablet__width-inherit elementor-widget elementor-widget-image\" data-id=\"d5b4f36\" data-element_type=\"widget\" data-settings=\"{&quot;motion_fx_motion_fx_scrolling&quot;:&quot;yes&quot;,&quot;motion_fx_translateY_effect&quot;:&quot;yes&quot;,&quot;motion_fx_devices&quot;:[&quot;desktop&quot;],&quot;motion_fx_translateY_speed&quot;:{&quot;unit&quot;:&quot;px&quot;,&quot;size&quot;:4,&quot;sizes&quot;:[]},&quot;motion_fx_translateY_affectedRange&quot;:{&quot;unit&quot;:&quot;%&quot;,&quot;size&quot;:&quot;&quot;,&quot;sizes&quot;:{&quot;start&quot;:0,&quot;end&quot;:100}}}\" data-widget_type=\"image.default\">\n\t\t\t\t\t\t\t\t\t\t\t\t\t\t\t<img fetchpriority=\"high\" decoding=\"async\" width=\"446\" height=\"446\" src=\"https:\/\/heaven-sea.com\/wp-content\/uploads\/2025\/11\/essai-en-mer.webp\" class=\"attachment-large size-large wp-image-5483\" alt=\"\" srcset=\"https:\/\/heaven-sea.com\/wp-content\/uploads\/2025\/11\/essai-en-mer.webp 446w, https:\/\/heaven-sea.com\/wp-content\/uploads\/2025\/11\/essai-en-mer-300x300.webp 300w, https:\/\/heaven-sea.com\/wp-content\/uploads\/2025\/11\/essai-en-mer-150x150.webp 150w, https:\/\/heaven-sea.com\/wp-content\/uploads\/2025\/11\/essai-en-mer-12x12.webp 12w\" sizes=\"(max-width: 446px) 100vw, 446px\" \/>\t\t\t\t\t\t\t\t\t\t\t\t\t\t\t<\/div>\n\t\t<div class=\"elementor-element elementor-element-3eb8fdb e-con-full e-flex e-con e-child\" data-id=\"3eb8fdb\" data-element_type=\"container\">\n\t\t\t\t<div class=\"elementor-element elementor-element-46ccfd5 elementor-widget elementor-widget-heading\" data-id=\"46ccfd5\" data-element_type=\"widget\" data-widget_type=\"heading.default\">\n\t\t\t\t\t<h3 class=\"elementor-heading-title elementor-size-default\">Dockside Visits and Sea Trials Coordination<\/h3>\t\t\t\t<\/div>\n\t\t\t\t<div class=\"elementor-element elementor-element-e7fb52b elementor-widget elementor-widget-heading\" data-id=\"e7fb52b\" data-element_type=\"widget\" data-widget_type=\"heading.default\">\n\t\t\t\t\t<h2 class=\"elementor-heading-title elementor-size-default\">1<\/h2>\t\t\t\t<\/div>\n\t\t\t\t<div class=\"elementor-element elementor-element-ff4b1d0 elementor-widget elementor-widget-text-editor\" data-id=\"ff4b1d0\" data-element_type=\"widget\" data-widget_type=\"text-editor.default\">\n\t\t\t\t\t\t\t\t\t<p data-start=\"189\" data-end=\"646\" class=\"translation-block\">We plan and coordinate dockside visits and sea trials, ensuring the yacht\u2019s availability, the implementation of the testing protocol, and the reception of potential buyers. Our goal is to <strong>provide you with an optimal presentation of your yacht<\/strong>, under the best conditions of safety and comfort.<\/p>\t\t\t\t\t\t\t\t<\/div>\n\t\t\t\t<\/div>\n\t\t\t\t<\/div>\n\t\t<div class=\"elementor-element elementor-element-5965128 e-con-full e-flex e-con e-child\" data-id=\"5965128\" data-element_type=\"container\" id=\"222\">\n\t\t<div class=\"elementor-element elementor-element-47eb5bf e-con-full e-flex e-con e-child\" data-id=\"47eb5bf\" data-element_type=\"container\" data-settings=\"{&quot;motion_fx_motion_fx_scrolling&quot;:&quot;yes&quot;,&quot;motion_fx_translateY_effect&quot;:&quot;yes&quot;,&quot;motion_fx_devices&quot;:[&quot;desktop&quot;],&quot;motion_fx_translateY_speed&quot;:{&quot;unit&quot;:&quot;px&quot;,&quot;size&quot;:4,&quot;sizes&quot;:[]},&quot;motion_fx_translateY_affectedRange&quot;:{&quot;unit&quot;:&quot;%&quot;,&quot;size&quot;:&quot;&quot;,&quot;sizes&quot;:{&quot;start&quot;:0,&quot;end&quot;:100}}}\">\n\t\t\t\t<div class=\"elementor-element elementor-element-a35f717 elementor-widget elementor-widget-heading\" data-id=\"a35f717\" data-element_type=\"widget\" data-widget_type=\"heading.default\">\n\t\t\t\t\t<h3 class=\"elementor-heading-title elementor-size-default\">Yacht Transport Management<\/h3>\t\t\t\t<\/div>\n\t\t\t\t<div class=\"elementor-element elementor-element-1cd57bf elementor-widget elementor-widget-text-editor\" data-id=\"1cd57bf\" data-element_type=\"widget\" data-widget_type=\"text-editor.default\">\n\t\t\t\t\t\t\t\t\t<p class=\"my-2 [&amp;+p]:mt-4 [&amp;_strong:has(+br)]:inline-block [&amp;_strong:has(+br)]:pb-2 translation-block\">Whether it\u2019s a regional transfer or an international transport, <strong>we handle the entire logistics<\/strong>: selecting the mode of transport (container ship, towing, road transport), managing customs formalities, transit insurance, and real-time tracking until delivery.<\/p>\t\t\t\t\t\t\t\t<\/div>\n\t\t\t\t<div class=\"elementor-element elementor-element-a066bc3 elementor-widget elementor-widget-heading\" data-id=\"a066bc3\" data-element_type=\"widget\" data-widget_type=\"heading.default\">\n\t\t\t\t\t<h2 class=\"elementor-heading-title elementor-size-default\">2<\/h2>\t\t\t\t<\/div>\n\t\t\t\t<\/div>\n\t\t\t\t<div class=\"elementor-element elementor-element-471e6bf elementor-widget__width-initial elementor-widget-tablet__width-inherit elementor-widget elementor-widget-image\" data-id=\"471e6bf\" data-element_type=\"widget\" data-widget_type=\"image.default\">\n\t\t\t\t\t\t\t\t\t\t\t\t\t\t\t<img decoding=\"async\" src=\"https:\/\/heaven-sea.com\/wp-content\/uploads\/elementor\/thumbs\/wmremove-transformed-8-rep8lbk0yl1tmc9s8iofwr67dqo5iv52554nhx8zxo.webp\" title=\"coordination-transport-yacht\" alt=\"coordination-transport-yacht\" loading=\"lazy\" \/>\t\t\t\t\t\t\t\t\t\t\t\t\t\t\t<\/div>\n\t\t\t\t<\/div>\n\t\t<div class=\"elementor-element elementor-element-57ecab6 e-con-full e-flex e-con e-child\" data-id=\"57ecab6\" data-element_type=\"container\" id=\"333\">\n\t\t<div class=\"elementor-element elementor-element-20d6de6 e-con-full e-flex e-con e-child\" data-id=\"20d6de6\" data-element_type=\"container\">\n\t\t\t\t<div class=\"elementor-element elementor-element-9a13e9d elementor-widget__width-initial elementor-widget-tablet__width-inherit elementor-widget elementor-widget-image\" data-id=\"9a13e9d\" data-element_type=\"widget\" data-settings=\"{&quot;motion_fx_motion_fx_scrolling&quot;:&quot;yes&quot;,&quot;motion_fx_translateY_effect&quot;:&quot;yes&quot;,&quot;motion_fx_devices&quot;:[&quot;desktop&quot;],&quot;motion_fx_translateY_speed&quot;:{&quot;unit&quot;:&quot;px&quot;,&quot;size&quot;:4,&quot;sizes&quot;:[]},&quot;motion_fx_translateY_affectedRange&quot;:{&quot;unit&quot;:&quot;%&quot;,&quot;size&quot;:&quot;&quot;,&quot;sizes&quot;:{&quot;start&quot;:0,&quot;end&quot;:100}}}\" data-widget_type=\"image.default\">\n\t\t\t\t\t\t\t\t\t\t\t\t\t\t\t<img decoding=\"async\" width=\"1024\" height=\"1024\" src=\"https:\/\/heaven-sea.com\/wp-content\/uploads\/2025\/11\/wmremove-transformed-9.webp\" class=\"attachment-large size-large wp-image-5499\" alt=\"\" srcset=\"https:\/\/heaven-sea.com\/wp-content\/uploads\/2025\/11\/wmremove-transformed-9.webp 1024w, https:\/\/heaven-sea.com\/wp-content\/uploads\/2025\/11\/wmremove-transformed-9-300x300.webp 300w, https:\/\/heaven-sea.com\/wp-content\/uploads\/2025\/11\/wmremove-transformed-9-150x150.webp 150w, https:\/\/heaven-sea.com\/wp-content\/uploads\/2025\/11\/wmremove-transformed-9-768x768.webp 768w, https:\/\/heaven-sea.com\/wp-content\/uploads\/2025\/11\/wmremove-transformed-9-12x12.webp 12w\" sizes=\"(max-width: 1024px) 100vw, 1024px\" \/>\t\t\t\t\t\t\t\t\t\t\t\t\t\t\t<\/div>\n\t\t<div class=\"elementor-element elementor-element-776b599 e-con-full e-flex e-con e-child\" data-id=\"776b599\" data-element_type=\"container\">\n\t\t\t\t<div class=\"elementor-element elementor-element-07ec01d elementor-widget elementor-widget-heading\" data-id=\"07ec01d\" data-element_type=\"widget\" data-widget_type=\"heading.default\">\n\t\t\t\t\t<h3 class=\"elementor-heading-title elementor-size-default\">Crew Recruitment and Training<\/h3>\t\t\t\t<\/div>\n\t\t\t\t<div class=\"elementor-element elementor-element-7842e77 elementor-widget elementor-widget-heading\" data-id=\"7842e77\" data-element_type=\"widget\" data-widget_type=\"heading.default\">\n\t\t\t\t\t<h2 class=\"elementor-heading-title elementor-size-default\">3<\/h2>\t\t\t\t<\/div>\n\t\t\t\t<div class=\"elementor-element elementor-element-c463976 elementor-widget elementor-widget-text-editor\" data-id=\"c463976\" data-element_type=\"widget\" data-widget_type=\"text-editor.default\">\n\t\t\t\t\t\t\t\t\t<p class=\"translation-block\">Based on your needs, we identify and select a qualified crew (captain, officers, technical staff, and hospitality personnel). We manage the recruitment process, conduct interviews, perform reference checks, and can organize specific training to <strong>ensure impeccable onboard service<\/strong>.<\/p>\t\t\t\t\t\t\t\t<\/div>\n\t\t\t\t<\/div>\n\t\t\t\t<\/div>\n\t\t\t\t<\/div>\n\t\t<div class=\"elementor-element elementor-element-4075c85 e-con-full e-flex e-con e-child\" data-id=\"4075c85\" data-element_type=\"container\" id=\"444\">\n\t\t<div class=\"elementor-element elementor-element-ad9df3f e-con-full e-flex e-con e-child\" data-id=\"ad9df3f\" data-element_type=\"container\" data-settings=\"{&quot;motion_fx_motion_fx_scrolling&quot;:&quot;yes&quot;,&quot;motion_fx_translateY_effect&quot;:&quot;yes&quot;,&quot;motion_fx_devices&quot;:[&quot;desktop&quot;],&quot;motion_fx_translateY_speed&quot;:{&quot;unit&quot;:&quot;px&quot;,&quot;size&quot;:4,&quot;sizes&quot;:[]},&quot;motion_fx_translateY_affectedRange&quot;:{&quot;unit&quot;:&quot;%&quot;,&quot;size&quot;:&quot;&quot;,&quot;sizes&quot;:{&quot;start&quot;:0,&quot;end&quot;:100}}}\">\n\t\t\t\t<div class=\"elementor-element elementor-element-792f532 elementor-widget elementor-widget-heading\" data-id=\"792f532\" data-element_type=\"widget\" data-widget_type=\"heading.default\">\n\t\t\t\t\t<h3 class=\"elementor-heading-title elementor-size-default\">Support for Management, Maintenance, Financing, and Charter Operations\n<\/h3>\t\t\t\t<\/div>\n\t\t\t\t<div class=\"elementor-element elementor-element-f2da724 elementor-widget elementor-widget-text-editor\" data-id=\"f2da724\" data-element_type=\"widget\" data-widget_type=\"text-editor.default\">\n\t\t\t\t\t\t\t\t\t<p class=\"my-2 [&amp;+p]:mt-4 [&amp;_strong:has(+br)]:inline-block [&amp;_strong:has(+br)]:pb-2 translation-block\"><strong>Heavensea<\/strong> assists you with the <strong>operational management of your yacht<\/strong>: developing preventive maintenance plans, coordinating with shipyards and suppliers, monitoring operating budgets, and providing support with financial structuring. For owners looking to maximize their investment, we offer a <strong>comprehensive charter management<\/strong> service, including promotion, booking management, and administrative assistance.<\/p>\t\t\t\t\t\t\t\t<\/div>\n\t\t\t\t<div class=\"elementor-element elementor-element-d553a4b elementor-widget elementor-widget-heading\" data-id=\"d553a4b\" data-element_type=\"widget\" data-widget_type=\"heading.default\">\n\t\t\t\t\t<h2 class=\"elementor-heading-title elementor-size-default\">4<\/h2>\t\t\t\t<\/div>\n\t\t\t\t<\/div>\n\t\t\t\t<div class=\"elementor-element elementor-element-8b9fc95 elementor-widget__width-initial elementor-widget-tablet__width-inherit elementor-widget elementor-widget-image\" data-id=\"8b9fc95\" data-element_type=\"widget\" data-widget_type=\"image.default\">\n\t\t\t\t\t\t\t\t\t\t\t\t\t\t\t<img decoding=\"async\" width=\"1024\" height=\"1024\" src=\"https:\/\/heaven-sea.com\/wp-content\/uploads\/2025\/11\/wmremove-transformed-10.webp\" class=\"attachment-large size-large wp-image-5505\" alt=\"\" srcset=\"https:\/\/heaven-sea.com\/wp-content\/uploads\/2025\/11\/wmremove-transformed-10.webp 1024w, https:\/\/heaven-sea.com\/wp-content\/uploads\/2025\/11\/wmremove-transformed-10-300x300.webp 300w, https:\/\/heaven-sea.com\/wp-content\/uploads\/2025\/11\/wmremove-transformed-10-150x150.webp 150w, https:\/\/heaven-sea.com\/wp-content\/uploads\/2025\/11\/wmremove-transformed-10-768x768.webp 768w, https:\/\/heaven-sea.com\/wp-content\/uploads\/2025\/11\/wmremove-transformed-10-12x12.webp 12w\" sizes=\"(max-width: 1024px) 100vw, 1024px\" \/>\t\t\t\t\t\t\t\t\t\t\t\t\t\t\t<\/div>\n\t\t\t\t<\/div>\n\t\t\t\t<\/div>\n\t\t\t\t\t<\/div>\n\t\t\t\t<\/div>\n\t\t<div class=\"elementor-element elementor-element-86dea4b e-flex e-con-boxed e-con e-parent\" data-id=\"86dea4b\" data-element_type=\"container\">\n\t\t\t\t\t<div class=\"e-con-inner\">\n\t\t\t\t<div class=\"elementor-element elementor-element-ca69511 elementor-widget elementor-widget-heading\" data-id=\"ca69511\" data-element_type=\"widget\" data-widget_type=\"heading.default\">\n\t\t\t\t\t<h2 class=\"elementor-heading-title elementor-size-default\">Turnkey Management and Logistics<\/h2>\t\t\t\t<\/div>\n\t\t\t\t<div class=\"elementor-element elementor-element-bf2e17e elementor-widget elementor-widget-text-editor\" data-id=\"bf2e17e\" data-element_type=\"widget\" data-widget_type=\"text-editor.default\">\n\t\t\t\t\t\t\t\t\t<p data-start=\"250\" data-end=\"762\" class=\"translation-block\">With these complementary services, <strong>Heavensea<\/strong> <strong>ensures practical, tailor-made support<\/strong> at every stage of your yacht\u2019s life, providing <strong>complete peace of mind<\/strong> and <strong>an exceptional yachting experience<\/strong>.<\/p>\t\t\t\t\t\t\t\t<\/div>\n\t\t\t\t\t<\/div>\n\t\t\t\t<\/div>\n\t\t<div class=\"elementor-element elementor-element-8d7ca45 e-flex e-con-boxed e-con e-parent\" data-id=\"8d7ca45\" data-element_type=\"container\">\n\t\t\t\t\t<div class=\"e-con-inner\">\n\t\t<div class=\"elementor-element elementor-element-fa52616 e-con-full e-flex e-con e-child\" data-id=\"fa52616\" data-element_type=\"container\">\n\t\t\t\t<div class=\"elementor-element elementor-element-a6eedfa elementor-widget elementor-widget-heading\" data-id=\"a6eedfa\" data-element_type=\"widget\" data-widget_type=\"heading.default\">\n\t\t\t\t\t<h2 class=\"elementor-heading-title elementor-size-default\">Have a project? We\u2019d be glad to discuss it.<\/h2>\t\t\t\t<\/div>\n\t\t\t\t<\/div>\n\t\t\t\t\t<\/div>\n\t\t\t\t<\/div>\n\t\t<div class=\"elementor-element elementor-element-7723ba1 e-flex e-con-boxed e-con e-parent\" data-id=\"7723ba1\" data-element_type=\"container\">\n\t\t\t\t\t<div class=\"e-con-inner\">\n\t\t<div class=\"elementor-element elementor-element-c4416dd e-con-full e-flex e-con e-child\" data-id=\"c4416dd\" data-element_type=\"container\">\n\t\t\t\t<div class=\"elementor-element elementor-element-41f9134 elementor-widget elementor-widget-image\" data-id=\"41f9134\" data-element_type=\"widget\" data-widget_type=\"image.default\">\n\t\t\t\t\t\t\t\t\t\t\t\t\t\t\t<img decoding=\"async\" src=\"https:\/\/heaven-sea.com\/wp-content\/uploads\/elementor\/thumbs\/unnamed-renhk0p4og8o4bcmo51lc6kfcmajmcjrf8vqclkw9s.png\" title=\"unnamed\" alt=\"unnamed\" loading=\"lazy\" \/>\t\t\t\t\t\t\t\t\t\t\t\t\t\t\t<\/div>\n\t\t\t\t<div class=\"elementor-element elementor-element-6493651 elementor-widget elementor-widget-heading\" data-id=\"6493651\" data-element_type=\"widget\" data-widget_type=\"heading.default\">\n\t\t\t\t\t<h2 class=\"elementor-heading-title elementor-size-default\">Maxence VILLEDIEU<\/h2>\t\t\t\t<\/div>\n\t\t\t\t<div class=\"elementor-element elementor-element-3e3fd73 elementor-widget elementor-widget-heading\" data-id=\"3e3fd73\" data-element_type=\"widget\" data-widget_type=\"heading.default\">\n\t\t\t\t\t<h2 class=\"elementor-heading-title elementor-size-default\">Yacht Broker<\/h2>\t\t\t\t<\/div>\n\t\t<div class=\"elementor-element elementor-element-5201e64 e-con-full e-flex e-con e-child\" data-id=\"5201e64\" data-element_type=\"container\">\n\t\t\t\t<div class=\"elementor-element elementor-element-c8e1c5d elementor-widget elementor-widget-heading\" data-id=\"c8e1c5d\" data-element_type=\"widget\" data-widget_type=\"heading.default\">\n\t\t\t\t\t<h2 class=\"elementor-heading-title elementor-size-default\">maxence.villedieu@heaven-sea.com<\/h2>\t\t\t\t<\/div>\n\t\t\t\t<\/div>\n\t\t\t\t<\/div>\n\t\t<div class=\"elementor-element elementor-element-b5885ba e-con-full e-flex e-con e-child\" data-id=\"b5885ba\" data-element_type=\"container\">\n\t\t\t\t<div class=\"elementor-element elementor-element-6fe71d0 form-contact eael-contact-form-7-button-align-center elementor-widget__width-initial eael-contact-form-7-button-custom elementor-widget elementor-widget-eael-contact-form-7\" data-id=\"6fe71d0\" data-element_type=\"widget\" data-widget_type=\"eael-contact-form-7.default\">\n\t\t\t\t\t<div class=\"eael-contact-form-7-wrapper\">\n                <div class=\"eael-contact-form eael-contact-form-7 eael-contact-form-6fe71d0 placeholder-show eael-contact-form-align-default\"><div class=\"eael-contact-form-7-heading\"><\/div>\n<div class=\"wpcf7 no-js\" id=\"wpcf7-f5260-o1\" lang=\"fr-FR\" dir=\"ltr\" data-wpcf7-id=\"5260\">\n<div class=\"screen-reader-response\"><p role=\"status\" aria-live=\"polite\" aria-atomic=\"true\"><\/p> <ul><\/ul><\/div>\n<form action=\"\/en\/wp-json\/wp\/v2\/pages\/4335#wpcf7-f5260-o1\" method=\"post\" class=\"wpcf7-form init\" aria-label=\"Formulaire de contact\" novalidate=\"novalidate\" data-status=\"init\" data-trp-original-action=\"\/en\/wp-json\/wp\/v2\/pages\/4335#wpcf7-f5260-o1\">\n<fieldset class=\"hidden-fields-container\"><input type=\"hidden\" name=\"_wpcf7\" value=\"5260\" \/><input type=\"hidden\" name=\"_wpcf7_version\" value=\"6.1.3\" \/><input type=\"hidden\" name=\"_wpcf7_locale\" value=\"fr_FR\" \/><input type=\"hidden\" name=\"_wpcf7_unit_tag\" value=\"wpcf7-f5260-o1\" \/><input type=\"hidden\" name=\"_wpcf7_container_post\" value=\"0\" \/><input type=\"hidden\" name=\"_wpcf7_posted_data_hash\" value=\"\" \/>\n<\/fieldset>\n<p><label> Name<br \/>\n<span class=\"wpcf7-form-control-wrap\" data-name=\"your-name\"><input size=\"40\" maxlength=\"400\" class=\"wpcf7-form-control wpcf7-text wpcf7-validates-as-required\" autocomplete=\"name\" aria-required=\"true\" aria-invalid=\"false\" value=\"\" type=\"text\" name=\"your-name\" \/><\/span> <\/label>\n<\/p>\n<p><label> E-mail<br \/>\n<span class=\"wpcf7-form-control-wrap\" data-name=\"your-email\"><input size=\"40\" maxlength=\"400\" class=\"wpcf7-form-control wpcf7-email wpcf7-validates-as-required wpcf7-text wpcf7-validates-as-email\" autocomplete=\"email\" aria-required=\"true\" aria-invalid=\"false\" value=\"\" type=\"email\" name=\"your-email\" \/><\/span> <\/label>\n<\/p>\n<p><label> Phone Number<br \/>\n<span class=\"wpcf7-form-control-wrap\" data-name=\"your-phone\"><input size=\"40\" maxlength=\"400\" class=\"wpcf7-form-control wpcf7-tel wpcf7-validates-as-required wpcf7-text wpcf7-validates-as-tel\" aria-required=\"true\" aria-invalid=\"false\" value=\"\" type=\"tel\" name=\"your-phone\" \/><\/span> <\/label>\n<\/p>\n<p><label> Message<br \/>\n<span class=\"wpcf7-form-control-wrap\" data-name=\"your-message\"><textarea cols=\"40\" rows=\"10\" maxlength=\"2000\" class=\"wpcf7-form-control wpcf7-textarea\" aria-invalid=\"false\" name=\"your-message\"><\/textarea><\/span> <\/label>\n<\/p>\n<p><input class=\"wpcf7-form-control wpcf7-submit has-spinner\" type=\"submit\" value=\"Send\" \/>\n<\/p><div class=\"wpcf7-response-output\" aria-hidden=\"true\"><\/div>\n<input type=\"hidden\" name=\"trp-form-language\" value=\"en\"\/><\/form>\n<\/div>\n<\/div>\n            <\/div>\t\t\t\t<\/div>\n\t\t\t\t<\/div>\n\t\t\t\t\t<\/div>\n\t\t\t\t<\/div>\n\t\t\t\t<\/div>","protected":false},"excerpt":{"rendered":"<p>Services compl\u00e9mentaires Votre Soutien 360\u00b0 Pour r\u00e9pondre \u00e0 toutes les n\u00e9cessit\u00e9s op\u00e9rationnelles de votre projet yachting, Heavensea propose un ensemble [&hellip;]<\/p>","protected":false},"author":1,"featured_media":0,"parent":0,"menu_order":0,"comment_status":"closed","ping_status":"closed","template":"","meta":{"site-sidebar-layout":"no-sidebar","site-content-layout":"","ast-site-content-layout":"full-width-container","site-content-style":"default","site-sidebar-style":"default","ast-global-header-display":"","ast-banner-title-visibility":"","ast-main-header-display":"","ast-hfb-above-header-display":"","ast-hfb-below-header-display":"","ast-hfb-mobile-header-display":"","site-post-title":"","ast-breadcrumbs-content":"","ast-featured-img":"disabled","footer-sml-layout":"","theme-transparent-header-meta":"","adv-header-id-meta":"","stick-header-meta":"","header-above-stick-meta":"","header-main-stick-meta":"","header-below-stick-meta":"","astra-migrate-meta-layouts":"default","ast-page-background-enabled":"default","ast-page-background-meta":{"desktop":{"background-color":"var(--ast-global-color-5)","background-image":"","background-repeat":"repeat","background-position":"center center","background-size":"auto","background-attachment":"scroll","background-type":"","background-media":"","overlay-type":"","overlay-color":"","overlay-opacity":"","overlay-gradient":""},"tablet":{"background-color":"","background-image":"","background-repeat":"repeat","background-position":"center center","background-size":"auto","background-attachment":"scroll","background-type":"","background-media":"","overlay-type":"","overlay-color":"","overlay-opacity":"","overlay-gradient":""},"mobile":{"background-color":"","background-image":"","background-repeat":"repeat","background-position":"center center","background-size":"auto","background-attachment":"scroll","background-type":"","background-media":"","overlay-type":"","overlay-color":"","overlay-opacity":"","overlay-gradient":""}},"ast-content-background-meta":{"desktop":{"background-color":"var(--ast-global-color-4)","background-image":"","background-repeat":"repeat","background-position":"center center","background-size":"auto","background-attachment":"scroll","background-type":"","background-media":"","overlay-type":"","overlay-color":"","overlay-opacity":"","overlay-gradient":""},"tablet":{"background-color":"var(--ast-global-color-4)","background-image":"","background-repeat":"repeat","background-position":"center center","background-size":"auto","background-attachment":"scroll","background-type":"","background-media":"","overlay-type":"","overlay-color":"","overlay-opacity":"","overlay-gradient":""},"mobile":{"background-color":"var(--ast-global-color-4)","background-image":"","background-repeat":"repeat","background-position":"center center","background-size":"auto","background-attachment":"scroll","background-type":"","background-media":"","overlay-type":"","overlay-color":"","overlay-opacity":"","overlay-gradient":""}},"footnotes":""},"class_list":["post-4335","page","type-page","status-publish","hentry"],"_links":{"self":[{"href":"https:\/\/heaven-sea.com\/en\/wp-json\/wp\/v2\/pages\/4335","targetHints":{"allow":["GET"]}}],"collection":[{"href":"https:\/\/heaven-sea.com\/en\/wp-json\/wp\/v2\/pages"}],"about":[{"href":"https:\/\/heaven-sea.com\/en\/wp-json\/wp\/v2\/types\/page"}],"author":[{"embeddable":true,"href":"https:\/\/heaven-sea.com\/en\/wp-json\/wp\/v2\/users\/1"}],"replies":[{"embeddable":true,"href":"https:\/\/heaven-sea.com\/en\/wp-json\/wp\/v2\/comments?post=4335"}],"version-history":[{"count":24,"href":"https:\/\/heaven-sea.com\/en\/wp-json\/wp\/v2\/pages\/4335\/revisions"}],"predecessor-version":[{"id":5526,"href":"https:\/\/heaven-sea.com\/en\/wp-json\/wp\/v2\/pages\/4335\/revisions\/5526"}],"wp:attachment":[{"href":"https:\/\/heaven-sea.com\/en\/wp-json\/wp\/v2\/media?parent=4335"}],"curies":[{"name":"wp","href":"https:\/\/api.w.org\/{rel}","templated":true}]}}