{"id":47,"date":"2025-09-26T16:47:15","date_gmt":"2025-09-26T14:47:15","guid":{"rendered":"http:\/\/heavenk.cluster100.hosting.ovh.net\/?page_id=47"},"modified":"2025-11-14T17:18:03","modified_gmt":"2025-11-14T16:18:03","slug":"accompagnement","status":"publish","type":"page","link":"https:\/\/heaven-sea.com\/en\/accompagnement\/","title":{"rendered":"Support and Expertise"},"content":{"rendered":"<div data-elementor-type=\"wp-page\" data-elementor-id=\"47\" class=\"elementor elementor-47\" data-elementor-post-type=\"page\">\n\t\t\t\t<div class=\"elementor-element elementor-element-91a7ba2 e-flex e-con-boxed e-con e-parent\" data-id=\"91a7ba2\" data-element_type=\"container\">\n\t\t\t\t\t<div class=\"e-con-inner\">\n\t\t<div class=\"elementor-element elementor-element-07f76b6 e-con-full e-flex e-con e-child\" data-id=\"07f76b6\" data-element_type=\"container\" data-settings=\"{&quot;background_background&quot;:&quot;classic&quot;}\">\n\t\t\t\t<div class=\"elementor-element elementor-element-cba13fd elementor-widget__width-inherit elementor-widget elementor-widget-heading\" data-id=\"cba13fd\" data-element_type=\"widget\" data-widget_type=\"heading.default\">\n\t\t\t\t\t<h1 class=\"elementor-heading-title elementor-size-default\">Support &amp; Expertise<\/h1>\t\t\t\t<\/div>\n\t\t\t\t<\/div>\n\t\t\t\t\t<\/div>\n\t\t\t\t<\/div>\n\t\t<div class=\"elementor-element elementor-element-e4667a2 e-flex e-con-boxed e-con e-parent\" data-id=\"e4667a2\" data-element_type=\"container\">\n\t\t\t\t\t<div class=\"e-con-inner\">\n\t\t\t\t<div class=\"elementor-element elementor-element-a092be7 animated-slow elementor-widget elementor-widget-heading\" data-id=\"a092be7\" data-element_type=\"widget\" data-settings=\"{&quot;_animation&quot;:&quot;none&quot;}\" data-widget_type=\"heading.default\">\n\t\t\t\t\t<h2 class=\"elementor-heading-title elementor-size-default\">Your Trusted Partner<\/h2>\t\t\t\t<\/div>\n\t\t\t\t<div class=\"elementor-element elementor-element-3c064ef elementor-widget elementor-widget-text-editor\" data-id=\"3c064ef\" data-element_type=\"widget\" data-widget_type=\"text-editor.default\">\n\t\t\t\t\t\t\t\t\t<p data-start=\"250\" data-end=\"762\" class=\"translation-block\">In the demanding world of yachting, <strong>every decision carries critical importance<\/strong>. Our comprehensive expertise supports you at every stage of your project with a <strong>360\u00b0 approach<\/strong> combining technical, legal, and financial skills to <strong>turn your nautical dreams into a calm reality<\/strong>.<\/p>\t\t\t\t\t\t\t\t<\/div>\n\t\t\t\t\t<\/div>\n\t\t\t\t<\/div>\n\t\t<div class=\"elementor-element elementor-element-4688863b e-flex e-con-boxed e-con e-parent\" data-id=\"4688863b\" data-element_type=\"container\">\n\t\t\t\t\t<div class=\"e-con-inner\">\n\t\t<div class=\"elementor-element elementor-element-7017d5f9 e-flex e-con-boxed e-con e-child\" data-id=\"7017d5f9\" data-element_type=\"container\">\n\t\t\t\t\t<div class=\"e-con-inner\">\n\t\t\t\t<div class=\"elementor-element elementor-element-4a9652ed animated-slow elementor-widget elementor-widget-heading\" data-id=\"4a9652ed\" data-element_type=\"widget\" data-settings=\"{&quot;_animation&quot;:&quot;none&quot;}\" data-widget_type=\"heading.default\">\n\t\t\t\t\t<h2 class=\"elementor-heading-title elementor-size-default\">Here to Support You<\/h2>\t\t\t\t<\/div>\n\t\t\t\t\t<\/div>\n\t\t\t\t<\/div>\n\t\t<div class=\"elementor-element elementor-element-7fda92fa e-con-full e-flex e-con e-child\" data-id=\"7fda92fa\" data-element_type=\"container\">\n\t\t<div class=\"elementor-element elementor-element-1b8bc3ff e-con-full e-flex e-con e-child\" data-id=\"1b8bc3ff\" data-element_type=\"container\">\n\t\t\t\t<div class=\"elementor-element elementor-element-2fcd4cc1 elementor-widget elementor-widget-heading\" data-id=\"2fcd4cc1\" data-element_type=\"widget\" data-widget_type=\"heading.default\">\n\t\t\t\t\t<h3 class=\"elementor-heading-title elementor-size-default\">Support<\/h3>\t\t\t\t<\/div>\n\t\t\t\t<div class=\"elementor-element elementor-element-10538a79 elementor-position-top elementor-widget elementor-widget-image-box\" data-id=\"10538a79\" data-element_type=\"widget\" data-widget_type=\"image-box.default\">\n\t\t\t\t\t<div class=\"elementor-image-box-wrapper\"><figure class=\"elementor-image-box-img\"><img decoding=\"async\" src=\"https:\/\/heaven-sea.com\/wp-content\/uploads\/elementor\/thumbs\/suivi-heavensea-1-renks2trv9saetqrtm0k12yizevvjvtxinqpb30w18.webp\" title=\"suivi-heavensea\" alt=\"suivi-heavensea\" loading=\"lazy\" \/><\/figure><div class=\"elementor-image-box-content\"><p class=\"elementor-image-box-description translation-block\">Our <b>personalized support<\/b> adapts to your level of experience and guides you through every stage of your yachting project. We ensure <b>rigorous<\/b> <b>follow-up<\/b> from acquisition to commissioning, and beyond the transaction.<\/p><\/div><\/div>\t\t\t\t<\/div>\n\t\t\t\t<\/div>\n\t\t<div class=\"elementor-element elementor-element-1e0fa5d3 e-con-full e-flex e-con e-child\" data-id=\"1e0fa5d3\" data-element_type=\"container\">\n\t\t\t\t<div class=\"elementor-element elementor-element-2aee2db5 elementor-widget elementor-widget-heading\" data-id=\"2aee2db5\" data-element_type=\"widget\" data-widget_type=\"heading.default\">\n\t\t\t\t\t<h3 class=\"elementor-heading-title elementor-size-default\">Expertise<\/h3>\t\t\t\t<\/div>\n\t\t\t\t<div class=\"elementor-element elementor-element-41500bf2 elementor-position-top elementor-widget elementor-widget-image-box\" data-id=\"41500bf2\" data-element_type=\"widget\" data-widget_type=\"image-box.default\">\n\t\t\t\t\t<div class=\"elementor-image-box-wrapper\"><figure class=\"elementor-image-box-img\"><img decoding=\"async\" src=\"https:\/\/heaven-sea.com\/wp-content\/uploads\/elementor\/thumbs\/expertise-heavensea-2-renkm4ikl1mwvqe2l1dm8l1fjk86sw74p6zzvzunfw.webp\" title=\"expertise-heavensea\" alt=\"expertise-heavensea\" loading=\"lazy\" \/><\/figure><div class=\"elementor-image-box-content\"><p class=\"elementor-image-box-description translation-block\">We offer you <b>comprehensive<\/b> <b>expertise<\/b>: technical, legal, and financial, to turn the demands of yachting into a <b>smooth<\/b> and <b>simplified<\/b> <b>experience<\/b>.<\/p><\/div><\/div>\t\t\t\t<\/div>\n\t\t\t\t<\/div>\n\t\t<div class=\"elementor-element elementor-element-2a1ae5f1 e-con-full e-flex e-con e-child\" data-id=\"2a1ae5f1\" data-element_type=\"container\">\n\t\t\t\t<div class=\"elementor-element elementor-element-1a4da22b elementor-widget elementor-widget-heading\" data-id=\"1a4da22b\" data-element_type=\"widget\" data-widget_type=\"heading.default\">\n\t\t\t\t\t<h3 class=\"elementor-heading-title elementor-size-default\">Advice<\/h3>\t\t\t\t<\/div>\n\t\t\t\t<div class=\"elementor-element elementor-element-68a9755b elementor-position-top elementor-widget elementor-widget-image-box\" data-id=\"68a9755b\" data-element_type=\"widget\" data-widget_type=\"image-box.default\">\n\t\t\t\t\t<div class=\"elementor-image-box-wrapper\"><figure class=\"elementor-image-box-img\"><img decoding=\"async\" src=\"https:\/\/heaven-sea.com\/wp-content\/uploads\/elementor\/thumbs\/wmremove-transformed-6-renqu79ht8dol8wo4w9vn1f9kbs7rbrk69p0gnm04s.webp\" title=\"conseil-heavensea\" alt=\"conseil-heavensea\" loading=\"lazy\" \/><\/figure><div class=\"elementor-image-box-content\"><p class=\"elementor-image-box-description translation-block\">We advise you on yacht selection, <b>tax<\/b> <b>optimization<\/b> <b>of<\/b> <b>registration<\/b>, and the <b>selection<\/b> <b>of the best<\/b> <b>insurance solutions<\/b>. Our expertise covers the analysis of VAT implications, customs duties, and contract negotiation according to your specific situation.<\/p><\/div><\/div>\t\t\t\t<\/div>\n\t\t\t\t<\/div>\n\t\t\t\t<\/div>\n\t\t\t\t\t<\/div>\n\t\t\t\t<\/div>\n\t\t<div class=\"elementor-element elementor-element-70b7b88 e-flex e-con-boxed e-con e-parent\" data-id=\"70b7b88\" data-element_type=\"container\" data-settings=\"{&quot;background_background&quot;:&quot;classic&quot;}\">\n\t\t\t\t\t<div class=\"e-con-inner\">\n\t\t<div class=\"elementor-element elementor-element-a991582 e-con-full e-flex e-con e-child\" data-id=\"a991582\" data-element_type=\"container\">\n\t\t<div class=\"elementor-element elementor-element-ce242af e-con-full e-flex e-con e-child\" data-id=\"ce242af\" data-element_type=\"container\">\n\t\t\t\t<div class=\"elementor-element elementor-element-ddf909b elementor-widget elementor-widget-text-editor\" data-id=\"ddf909b\" data-element_type=\"widget\" data-widget_type=\"text-editor.default\">\n\t\t\t\t\t\t\t\t\t<p>Notre mission consiste \u00e0 <strong>optimiser votre<\/strong> <strong>exp\u00e9rience<\/strong> <strong>yachting <\/strong>en vous lib\u00e9rant des contraintes techniques et administratives, pour que vous puissiez vous concentrer sur l&rsquo;essentiel : <strong>profiter<\/strong> <strong>pleinement<\/strong> <strong>de<\/strong> <strong>votre<\/strong> <strong>passion<\/strong> <strong>to<\/strong> <strong>la<\/strong> <strong>navigation <\/strong>dans un cadre <strong>s\u00e9curis\u00e9<\/strong>\u00a0and <strong>optimal<\/strong>.<\/p><p>Gr\u00e2ce \u00e0 notre r\u00e9seau de <strong>partenaires<\/strong> <strong>sp\u00e9cialis\u00e9s<\/strong>\u00a0et notre <strong>approche<\/strong> <strong>collaborative<\/strong>, nous garantissons une <strong>exp\u00e9rience<\/strong> <strong>fluide<\/strong>\u00a0o\u00f9 chaque \u00e9tape est anticip\u00e9e et chaque <strong>d\u00e9cision<\/strong> <strong>\u00e9clair\u00e9e <\/strong>par notre expertise. Votre satisfaction et votre tranquillit\u00e9 d&rsquo;esprit constituent les v\u00e9ritables mesures de notre r\u00e9ussite.<\/p>\t\t\t\t\t\t\t\t<\/div>\n\t\t\t\t<\/div>\n\t\t<div class=\"elementor-element elementor-element-ed79293 e-con-full e-flex e-con e-child\" data-id=\"ed79293\" data-element_type=\"container\">\n\t\t\t\t<div class=\"elementor-element elementor-element-b202d92 elementor-widget elementor-widget-image\" data-id=\"b202d92\" data-element_type=\"widget\" data-widget_type=\"image.default\">\n\t\t\t\t\t\t\t\t\t\t\t\t\t\t\t<img decoding=\"async\" src=\"https:\/\/heaven-sea.com\/wp-content\/uploads\/elementor\/thumbs\/wmremove-transformed-3-reatcs3q6jiuoa5m4bl9rsmtz36w8p6gsj29eghgk4.webp\" title=\"wmremove-transformed-3\" alt=\"wmremove-transformed-3\" loading=\"lazy\" \/>\t\t\t\t\t\t\t\t\t\t\t\t\t\t\t<\/div>\n\t\t\t\t<\/div>\n\t\t\t\t<\/div>\n\t\t\t\t\t<\/div>\n\t\t\t\t<\/div>\n\t\t<div class=\"elementor-element elementor-element-39357d6 e-flex e-con-boxed e-con e-parent\" data-id=\"39357d6\" data-element_type=\"container\">\n\t\t\t\t\t<div class=\"e-con-inner\">\n\t\t<div class=\"elementor-element elementor-element-a766e24 e-con-full e-flex e-con e-child\" data-id=\"a766e24\" data-element_type=\"container\">\n\t\t\t\t<div class=\"elementor-element elementor-element-6605b5f elementor-widget elementor-widget-heading\" data-id=\"6605b5f\" data-element_type=\"widget\" data-widget_type=\"heading.default\">\n\t\t\t\t\t<h2 class=\"elementor-heading-title elementor-size-default\">Have a project? We\u2019d be glad to discuss it.<\/h2>\t\t\t\t<\/div>\n\t\t\t\t<\/div>\n\t\t\t\t\t<\/div>\n\t\t\t\t<\/div>\n\t\t<div class=\"elementor-element elementor-element-fbe3283 e-flex e-con-boxed e-con e-parent\" data-id=\"fbe3283\" data-element_type=\"container\">\n\t\t\t\t\t<div class=\"e-con-inner\">\n\t\t<div class=\"elementor-element elementor-element-5d7a746 e-con-full e-flex e-con e-child\" data-id=\"5d7a746\" data-element_type=\"container\">\n\t\t\t\t<div class=\"elementor-element elementor-element-b1127b8 elementor-widget elementor-widget-image\" data-id=\"b1127b8\" data-element_type=\"widget\" data-widget_type=\"image.default\">\n\t\t\t\t\t\t\t\t\t\t\t\t\t\t\t<img decoding=\"async\" src=\"https:\/\/heaven-sea.com\/wp-content\/uploads\/elementor\/thumbs\/unnamed-renhk0p4og8o4bcmo51lc6kfcmajmcjrf8vqclkw9s.png\" title=\"unnamed\" alt=\"unnamed\" loading=\"lazy\" \/>\t\t\t\t\t\t\t\t\t\t\t\t\t\t\t<\/div>\n\t\t\t\t<div class=\"elementor-element elementor-element-2498de1 elementor-widget elementor-widget-heading\" data-id=\"2498de1\" data-element_type=\"widget\" data-widget_type=\"heading.default\">\n\t\t\t\t\t<h2 class=\"elementor-heading-title elementor-size-default\">Maxence VILLEDIEU<\/h2>\t\t\t\t<\/div>\n\t\t\t\t<div class=\"elementor-element elementor-element-663b6db elementor-widget elementor-widget-heading\" data-id=\"663b6db\" data-element_type=\"widget\" data-widget_type=\"heading.default\">\n\t\t\t\t\t<h2 class=\"elementor-heading-title elementor-size-default\">Yacht Broker<\/h2>\t\t\t\t<\/div>\n\t\t<div class=\"elementor-element elementor-element-eb72dba e-con-full e-flex e-con e-child\" data-id=\"eb72dba\" data-element_type=\"container\">\n\t\t\t\t<div class=\"elementor-element elementor-element-ba9b89b elementor-widget elementor-widget-heading\" data-id=\"ba9b89b\" data-element_type=\"widget\" data-widget_type=\"heading.default\">\n\t\t\t\t\t<h2 class=\"elementor-heading-title elementor-size-default\">maxence.villedieu@heaven-sea.com<\/h2>\t\t\t\t<\/div>\n\t\t\t\t<\/div>\n\t\t\t\t<\/div>\n\t\t<div class=\"elementor-element elementor-element-1ed3b6a e-con-full e-flex e-con e-child\" data-id=\"1ed3b6a\" data-element_type=\"container\">\n\t\t\t\t<div class=\"elementor-element elementor-element-ebd706f form-contact eael-contact-form-7-button-align-center elementor-widget__width-initial eael-contact-form-7-button-custom elementor-widget elementor-widget-eael-contact-form-7\" data-id=\"ebd706f\" data-element_type=\"widget\" data-widget_type=\"eael-contact-form-7.default\">\n\t\t\t\t\t<div class=\"eael-contact-form-7-wrapper\">\n                <div class=\"eael-contact-form eael-contact-form-7 eael-contact-form-ebd706f placeholder-show eael-contact-form-align-default\"><div class=\"eael-contact-form-7-heading\"><\/div>\n<div class=\"wpcf7 no-js\" id=\"wpcf7-f5260-o1\" lang=\"fr-FR\" dir=\"ltr\" data-wpcf7-id=\"5260\">\n<div class=\"screen-reader-response\"><p role=\"status\" aria-live=\"polite\" aria-atomic=\"true\"><\/p> <ul><\/ul><\/div>\n<form action=\"\/en\/wp-json\/wp\/v2\/pages\/47#wpcf7-f5260-o1\" method=\"post\" class=\"wpcf7-form init\" aria-label=\"Formulaire de contact\" novalidate=\"novalidate\" data-status=\"init\" data-trp-original-action=\"\/en\/wp-json\/wp\/v2\/pages\/47#wpcf7-f5260-o1\">\n<fieldset class=\"hidden-fields-container\"><input type=\"hidden\" name=\"_wpcf7\" value=\"5260\" \/><input type=\"hidden\" name=\"_wpcf7_version\" value=\"6.1.3\" \/><input type=\"hidden\" name=\"_wpcf7_locale\" value=\"fr_FR\" \/><input type=\"hidden\" name=\"_wpcf7_unit_tag\" value=\"wpcf7-f5260-o1\" \/><input type=\"hidden\" name=\"_wpcf7_container_post\" value=\"0\" \/><input type=\"hidden\" name=\"_wpcf7_posted_data_hash\" value=\"\" \/>\n<\/fieldset>\n<p><label> Name<br \/>\n<span class=\"wpcf7-form-control-wrap\" data-name=\"your-name\"><input size=\"40\" maxlength=\"400\" class=\"wpcf7-form-control wpcf7-text wpcf7-validates-as-required\" autocomplete=\"name\" aria-required=\"true\" aria-invalid=\"false\" value=\"\" type=\"text\" name=\"your-name\" \/><\/span> <\/label>\n<\/p>\n<p><label> E-mail<br \/>\n<span class=\"wpcf7-form-control-wrap\" data-name=\"your-email\"><input size=\"40\" maxlength=\"400\" class=\"wpcf7-form-control wpcf7-email wpcf7-validates-as-required wpcf7-text wpcf7-validates-as-email\" autocomplete=\"email\" aria-required=\"true\" aria-invalid=\"false\" value=\"\" type=\"email\" name=\"your-email\" \/><\/span> <\/label>\n<\/p>\n<p><label> Phone Number<br \/>\n<span class=\"wpcf7-form-control-wrap\" data-name=\"your-phone\"><input size=\"40\" maxlength=\"400\" class=\"wpcf7-form-control wpcf7-tel wpcf7-validates-as-required wpcf7-text wpcf7-validates-as-tel\" aria-required=\"true\" aria-invalid=\"false\" value=\"\" type=\"tel\" name=\"your-phone\" \/><\/span> <\/label>\n<\/p>\n<p><label> Message<br \/>\n<span class=\"wpcf7-form-control-wrap\" data-name=\"your-message\"><textarea cols=\"40\" rows=\"10\" maxlength=\"2000\" class=\"wpcf7-form-control wpcf7-textarea\" aria-invalid=\"false\" name=\"your-message\"><\/textarea><\/span> <\/label>\n<\/p>\n<p><input class=\"wpcf7-form-control wpcf7-submit has-spinner\" type=\"submit\" value=\"Send\" \/>\n<\/p><div class=\"wpcf7-response-output\" aria-hidden=\"true\"><\/div>\n<input type=\"hidden\" name=\"trp-form-language\" value=\"en\"\/><\/form>\n<\/div>\n<\/div>\n            <\/div>\t\t\t\t<\/div>\n\t\t\t\t<\/div>\n\t\t\t\t\t<\/div>\n\t\t\t\t<\/div>\n\t\t\t\t<\/div>","protected":false},"excerpt":{"rendered":"<p>Accompagnement et expertise Votre partenaire de confiance Dans l&rsquo;univers exigeant du yachting, chaque d\u00e9cision rev\u00eat une importance capitale. Notre expertise [&hellip;]<\/p>","protected":false},"author":1,"featured_media":0,"parent":0,"menu_order":0,"comment_status":"closed","ping_status":"closed","template":"","meta":{"site-sidebar-layout":"no-sidebar","site-content-layout":"","ast-site-content-layout":"full-width-container","site-content-style":"default","site-sidebar-style":"default","ast-global-header-display":"","ast-banner-title-visibility":"","ast-main-header-display":"","ast-hfb-above-header-display":"","ast-hfb-below-header-display":"","ast-hfb-mobile-header-display":"","site-post-title":"","ast-breadcrumbs-content":"","ast-featured-img":"disabled","footer-sml-layout":"","theme-transparent-header-meta":"","adv-header-id-meta":"","stick-header-meta":"","header-above-stick-meta":"","header-main-stick-meta":"","header-below-stick-meta":"","astra-migrate-meta-layouts":"default","ast-page-background-enabled":"default","ast-page-background-meta":{"desktop":{"background-color":"var(--ast-global-color-5)","background-image":"","background-repeat":"repeat","background-position":"center center","background-size":"auto","background-attachment":"scroll","background-type":"","background-media":"","overlay-type":"","overlay-color":"","overlay-opacity":"","overlay-gradient":""},"tablet":{"background-color":"","background-image":"","background-repeat":"repeat","background-position":"center center","background-size":"auto","background-attachment":"scroll","background-type":"","background-media":"","overlay-type":"","overlay-color":"","overlay-opacity":"","overlay-gradient":""},"mobile":{"background-color":"","background-image":"","background-repeat":"repeat","background-position":"center center","background-size":"auto","background-attachment":"scroll","background-type":"","background-media":"","overlay-type":"","overlay-color":"","overlay-opacity":"","overlay-gradient":""}},"ast-content-background-meta":{"desktop":{"background-color":"var(--ast-global-color-4)","background-image":"","background-repeat":"repeat","background-position":"center center","background-size":"auto","background-attachment":"scroll","background-type":"","background-media":"","overlay-type":"","overlay-color":"","overlay-opacity":"","overlay-gradient":""},"tablet":{"background-color":"var(--ast-global-color-4)","background-image":"","background-repeat":"repeat","background-position":"center center","background-size":"auto","background-attachment":"scroll","background-type":"","background-media":"","overlay-type":"","overlay-color":"","overlay-opacity":"","overlay-gradient":""},"mobile":{"background-color":"var(--ast-global-color-4)","background-image":"","background-repeat":"repeat","background-position":"center center","background-size":"auto","background-attachment":"scroll","background-type":"","background-media":"","overlay-type":"","overlay-color":"","overlay-opacity":"","overlay-gradient":""}},"footnotes":""},"class_list":["post-47","page","type-page","status-publish","hentry"],"_links":{"self":[{"href":"https:\/\/heaven-sea.com\/en\/wp-json\/wp\/v2\/pages\/47","targetHints":{"allow":["GET"]}}],"collection":[{"href":"https:\/\/heaven-sea.com\/en\/wp-json\/wp\/v2\/pages"}],"about":[{"href":"https:\/\/heaven-sea.com\/en\/wp-json\/wp\/v2\/types\/page"}],"author":[{"embeddable":true,"href":"https:\/\/heaven-sea.com\/en\/wp-json\/wp\/v2\/users\/1"}],"replies":[{"embeddable":true,"href":"https:\/\/heaven-sea.com\/en\/wp-json\/wp\/v2\/comments?post=47"}],"version-history":[{"count":57,"href":"https:\/\/heaven-sea.com\/en\/wp-json\/wp\/v2\/pages\/47\/revisions"}],"predecessor-version":[{"id":5529,"href":"https:\/\/heaven-sea.com\/en\/wp-json\/wp\/v2\/pages\/47\/revisions\/5529"}],"wp:attachment":[{"href":"https:\/\/heaven-sea.com\/en\/wp-json\/wp\/v2\/media?parent=47"}],"curies":[{"name":"wp","href":"https:\/\/api.w.org\/{rel}","templated":true}]}}