{"id":4759,"date":"2025-10-20T10:02:34","date_gmt":"2025-10-20T08:02:34","guid":{"rendered":"http:\/\/heavenk.cluster100.hosting.ovh.net\/?page_id=4759"},"modified":"2026-01-22T09:00:48","modified_gmt":"2026-01-22T08:00:48","slug":"mentions-legales","status":"publish","type":"page","link":"https:\/\/heaven-sea.com\/en\/mentions-legales\/","title":{"rendered":"Mentions L\u00e9gales"},"content":{"rendered":"<div data-elementor-type=\"wp-page\" data-elementor-id=\"4759\" class=\"elementor elementor-4759\" data-elementor-post-type=\"page\">\n\t\t\t\t<div class=\"elementor-element elementor-element-939cb2a e-flex e-con-boxed e-con e-parent\" data-id=\"939cb2a\" data-element_type=\"container\">\n\t\t\t\t\t<div class=\"e-con-inner\">\n\t\t\t\t<div class=\"elementor-element elementor-element-f0cabd5 elementor-widget elementor-widget-heading\" data-id=\"f0cabd5\" data-element_type=\"widget\" data-widget_type=\"heading.default\">\n\t\t\t\t\t<h2 class=\"elementor-heading-title elementor-size-default\">Mentions L\u00e9gales<\/h2>\t\t\t\t<\/div>\n\t\t\t\t\t<\/div>\n\t\t\t\t<\/div>\n\t\t<div class=\"elementor-element elementor-element-5fcd592 e-flex e-con-boxed e-con e-parent\" data-id=\"5fcd592\" data-element_type=\"container\">\n\t\t\t\t\t<div class=\"e-con-inner\">\n\t\t\t\t<div class=\"elementor-element elementor-element-13c76ee elementor-widget elementor-widget-heading\" data-id=\"13c76ee\" data-element_type=\"widget\" data-widget_type=\"heading.default\">\n\t\t\t\t\t<h2 class=\"elementor-heading-title elementor-size-default\">Ce site est \u00e9dit\u00e9 par :<\/h2>\t\t\t\t<\/div>\n\t\t\t\t<div class=\"elementor-element elementor-element-ae8a6d9 elementor-widget elementor-widget-text-editor\" data-id=\"ae8a6d9\" data-element_type=\"widget\" data-widget_type=\"text-editor.default\">\n\t\t\t\t\t\t\t\t\t<p>Heavensea Yachting Services, dont le si\u00e8ge social est Boulevard Des Epinettes, 01220 DIVONNE-LES-BAINS.<\/p>\n<p>SIRET : 99124376700019<br>N\u00b0 TVA :<\/p>\n<p>T\u00e9l\u00e9phone : 07 52 63 69 27<br>Adresse de courrier \u00e9lectronique : <a title=\"contact@houdan-fenetre78.fr\" href=\"mailto:maxence.villedieu@heaven-sea.com\">maxence.villedieu@heaven-sea.com<\/a><br>Directeur de la publication : VILLEDIEU Maxence<br>Responsable du site : VILLEDIEU Maxence<\/p>\n<p>Design et d\u00e9veloppement du site par VALUXCORP.<\/p>\t\t\t\t\t\t\t\t<\/div>\n\t\t\t\t\t<\/div>\n\t\t\t\t<\/div>\n\t\t<div class=\"elementor-element elementor-element-f8d38ce e-flex e-con-boxed e-con e-parent\" data-id=\"f8d38ce\" data-element_type=\"container\">\n\t\t\t\t\t<div class=\"e-con-inner\">\n\t\t\t\t<div class=\"elementor-element elementor-element-74ed59c elementor-widget elementor-widget-heading\" data-id=\"74ed59c\" data-element_type=\"widget\" data-widget_type=\"heading.default\">\n\t\t\t\t\t<h2 class=\"elementor-heading-title elementor-size-default\">Ce site est h\u00e9berg\u00e9 par :<\/h2>\t\t\t\t<\/div>\n\t\t\t\t\t<\/div>\n\t\t\t\t<\/div>\n\t\t<div class=\"elementor-element elementor-element-0fb7d00 e-flex e-con-boxed e-con e-parent\" data-id=\"0fb7d00\" data-element_type=\"container\">\n\t\t\t\t\t<div class=\"e-con-inner\">\n\t\t\t\t<div class=\"elementor-element elementor-element-7b14b16 elementor-widget elementor-widget-text-editor\" data-id=\"7b14b16\" data-element_type=\"widget\" data-widget_type=\"text-editor.default\">\n\t\t\t\t\t\t\t\t\t<p>OVH Cloud, SAS au capital de 50 000 000\u20ac dont le si\u00e8ge social est 2 RUE KELLERMANN, 59100 ROUBAIX, FRANCE.<br \/>RCS Lille Metropole B 424761419<br \/>Code APE : 26.20Z <br \/>T\u00e9l\u00e9phone : +33 9 72 10 10 07<\/p>\t\t\t\t\t\t\t\t<\/div>\n\t\t\t\t\t<\/div>\n\t\t\t\t<\/div>\n\t\t<div class=\"elementor-element elementor-element-80f6192 e-flex e-con-boxed e-con e-parent\" data-id=\"80f6192\" data-element_type=\"container\">\n\t\t\t\t\t<div class=\"e-con-inner\">\n\t\t\t\t<div class=\"elementor-element elementor-element-567b338 elementor-widget elementor-widget-heading\" data-id=\"567b338\" data-element_type=\"widget\" data-widget_type=\"heading.default\">\n\t\t\t\t\t<h2 class=\"elementor-heading-title elementor-size-default\">CONDITIONS G\u00c9N\u00c9RALES D'UTILISATION<\/h2>\t\t\t\t<\/div>\n\t\t\t\t<div class=\"elementor-element elementor-element-d3aa8d5 elementor-widget elementor-widget-heading\" data-id=\"d3aa8d5\" data-element_type=\"widget\" data-widget_type=\"heading.default\">\n\t\t\t\t\t<h2 class=\"elementor-heading-title elementor-size-default\">ART. 1 CONDITIONS D'UTILISATION\n\n<\/h2>\t\t\t\t<\/div>\n\t\t\t\t<div class=\"elementor-element elementor-element-a2d8900 elementor-widget elementor-widget-text-editor\" data-id=\"a2d8900\" data-element_type=\"widget\" data-widget_type=\"text-editor.default\">\n\t\t\t\t\t\t\t\t\t<p>Toute personne qui acc\u00e8de au site <a title=\"www.houdan-fenetre78.fr\" href=\"https:\/\/heaven-sea.com\/en\/\" target=\"_blank\" rel=\"noopener\">www.heaven-sea.com<\/a> (ci-apr\u00e8s le \u00ab\u00a0Site\u00a0\u00bb) s&rsquo;engage \u00e0 respecter les pr\u00e9sentes conditions g\u00e9n\u00e9rales d&rsquo;utilisation, qui pourront pour certains services \u00eatre compl\u00e9t\u00e9es par des conditions particuli\u00e8res.<\/p><p>Heavensea se r\u00e9serve le droit de modifier et de mettre \u00e0 jour \u00e0 tout moment l&rsquo;acc\u00e8s au Site ainsi que les pr\u00e9sentes conditions d&rsquo;utilisation. Ces modifications et mises \u00e0 jour s&rsquo;imposent \u00e0 l&rsquo;utilisateur qui doit en cons\u00e9quence se r\u00e9f\u00e9rer r\u00e9guli\u00e8rement \u00e0 cette rubrique pour v\u00e9rifier les Conditions G\u00e9n\u00e9rales en vigueur.<\/p>\t\t\t\t\t\t\t\t<\/div>\n\t\t\t\t<div class=\"elementor-element elementor-element-a79ff97 elementor-widget elementor-widget-heading\" data-id=\"a79ff97\" data-element_type=\"widget\" data-widget_type=\"heading.default\">\n\t\t\t\t\t<h2 class=\"elementor-heading-title elementor-size-default\">ART. 2 DONN\u00c9ES PERSONNELLES ET AUTRES DONN\u00c9ES\n\n<\/h2>\t\t\t\t<\/div>\n\t\t\t\t\t<\/div>\n\t\t\t\t<\/div>\n\t\t<div class=\"elementor-element elementor-element-3455b11 e-flex e-con-boxed e-con e-parent\" data-id=\"3455b11\" data-element_type=\"container\">\n\t\t\t\t\t<div class=\"e-con-inner\">\n\t\t\t\t<div class=\"elementor-element elementor-element-22364ee elementor-widget elementor-widget-text-editor\" data-id=\"22364ee\" data-element_type=\"widget\" data-widget_type=\"text-editor.default\">\n\t\t\t\t\t\t\t\t\t<p>2.1 Les donn\u00e9es sont exclusivement destin\u00e9es \u00e0 Heavensea, \u00e0 ses filiales ou aux membres de son r\u00e9seau commercial \u00e0 des fins d\u2019enqu\u00eates, d\u2019analyses, de communications institutionnelles, d\u2019op\u00e9rations relatives \u00e0 la gestion clients ou, si vous en \u00eates d\u2019accord, de propositions commerciales. Ces informations sont confidentielles et conserv\u00e9es par Heavensea, ses filiales et les membres de son r\u00e9seau commercial. Conform\u00e9ment \u00e0 la loi \u00ab Informatique et Libert\u00e9s \u00bb du 06\/01\/78, vous disposez d&rsquo;un droit d&rsquo;acc\u00e8s, de rectification et de suppression de ces donn\u00e9es ainsi que d\u2019un droit de vous opposer \u00e0 ce que ces donn\u00e9es fassent l&rsquo;objet d&rsquo;un traitement en nous contactant par courrier \u00e0 l\u2019adresse suivante : BOULEVARD DE EPINETTES, 01220, DIVONNE-LES-BAINS ou par e-mail \u00e0 l\u2019adresse <a title=\"contact@houdan-fenetre78.fr\" href=\"mailto:maxence.villedieu@heaven-sea.com\">maxence.villedieu@heaven-sea.com<\/a>.<\/p><p>Vos demandes devront \u00eatre sign\u00e9es et accompagn\u00e9es de la photocopie d\u2019un titre d\u2019identit\u00e9 portant la signature du titulaire. La demande devra pr\u00e9ciser l\u2019adresse \u00e0 laquelle devra parvenir la r\u00e9ponse.<\/p><p>Dans l\u2019hypoth\u00e8se o\u00f9 vous avez accept\u00e9 dans nos formulaires de recevoir par email des informations et sollicitations commerciales \u00e9manant de notre soci\u00e9t\u00e9 et de son r\u00e9seau de magasins \u00e0 l\u2019enseigne de Heavensea, vous aurez \u00e0 tout moment la facult\u00e9 de revenir sur cette d\u00e9cision, soit en cliquant sur le lien pr\u00e9vu \u00e0 cet effet en bas des mails que vous recevez, soit en envoyant un mail avec pour objet \u00ab d\u00e9sabonnement \u00bb \u00e0 l\u2019adresse suivante : <a href=\"mailto:maxence.villedieu@heaven-sea.com\">maxence.villedieu@heaven-sea.com<\/a>.<\/p><p>2.2 Conform\u00e9ment \u00e0 l\u2019article 6 de la Loi du 21 juin 2004 pour la confiance en l\u2019\u00e9conomie num\u00e9rique, l&rsquo;h\u00e9bergeur conservera vos donn\u00e9es de connexion, couvertes par le secret professionnel et trait\u00e9es dans le respect des dispositions l\u00e9gales en mati\u00e8re de donn\u00e9es personnelles.<\/p>\t\t\t\t\t\t\t\t<\/div>\n\t\t\t\t\t<\/div>\n\t\t\t\t<\/div>\n\t\t<div class=\"elementor-element elementor-element-f9ce04c e-flex e-con-boxed e-con e-parent\" data-id=\"f9ce04c\" data-element_type=\"container\">\n\t\t\t\t\t<div class=\"e-con-inner\">\n\t\t\t\t<div class=\"elementor-element elementor-element-0d3ee4d elementor-widget elementor-widget-heading\" data-id=\"0d3ee4d\" data-element_type=\"widget\" data-widget_type=\"heading.default\">\n\t\t\t\t\t<h2 class=\"elementor-heading-title elementor-size-default\">ART. 3 LIENS HYPERTEXTES\n\n<\/h2>\t\t\t\t<\/div>\n\t\t\t\t<div class=\"elementor-element elementor-element-d9ff089 elementor-widget elementor-widget-text-editor\" data-id=\"d9ff089\" data-element_type=\"widget\" data-widget_type=\"text-editor.default\">\n\t\t\t\t\t\t\t\t\t<p>Si vous souhaitez mettre en place un lien hypertexte vers notre Site, vous devez en cons\u00e9quence prendre contact avec le Responsable du Site. Heavensea ne peut en aucun cas \u00eatre tenue pour responsable du contenu des sites qui font l&rsquo;objet d&rsquo;un lien hypertexte \u00e0 partir du pr\u00e9sent Site.<\/p>\t\t\t\t\t\t\t\t<\/div>\n\t\t\t\t\t<\/div>\n\t\t\t\t<\/div>\n\t\t<div class=\"elementor-element elementor-element-67108fe e-flex e-con-boxed e-con e-parent\" data-id=\"67108fe\" data-element_type=\"container\">\n\t\t\t\t\t<div class=\"e-con-inner\">\n\t\t\t\t<div class=\"elementor-element elementor-element-26b402d elementor-widget elementor-widget-heading\" data-id=\"26b402d\" data-element_type=\"widget\" data-widget_type=\"heading.default\">\n\t\t\t\t\t<h2 class=\"elementor-heading-title elementor-size-default\">ART. 4 COOKIES\n\n<\/h2>\t\t\t\t<\/div>\n\t\t\t\t<div class=\"elementor-element elementor-element-0810cf9 elementor-widget elementor-widget-text-editor\" data-id=\"0810cf9\" data-element_type=\"widget\" data-widget_type=\"text-editor.default\">\n\t\t\t\t\t\t\t\t\t<p>Lors de la navigation sur le Site, des cookies sont implant\u00e9s dans votre ordinateur. Un cookie ne nous permet pas de vous identifier : en revanche, il enregistre des informations relatives \u00e0 la navigation de votre ordinateur sur notre Site (les pages que vous avez consult\u00e9es, la date et l&rsquo;heure de la consultation, etc.) que nous pourrons lire lors de vos visites ult\u00e9rieures. La dur\u00e9e de conservation de ces informations dans votre ordinateur est de six mois.<\/p><p>De plus, le site utilise Google Analytics, un service d&rsquo;analyse de site Internet fourni par Google Inc. (ci-apr\u00e8s \u00ab\u00a0Google\u00a0\u00bb). Google Analytics utilise des\u00a0cookies<em>\u00a0<\/em> pour aider Heavensea et l\u2019h\u00e9bergeur \u00e0 analyser l&rsquo;utilisation du Site par ses utilisateurs. Les donn\u00e9es g\u00e9n\u00e9r\u00e9es par les cookies<em>\u00a0<\/em>concernant votre utilisation du Site (y compris votre adresse IP) seront transmises et stock\u00e9es par Google sur des serveurs situ\u00e9s aux Etats-Unis. Google utilisera cette information dans le but d&rsquo;\u00e9valuer votre utilisation du Site, de compiler des rapports sur l&rsquo;activit\u00e9 du Site \u00e0 destination de Heavensea et de l\u2019h\u00e9bergeur et de fournir d&rsquo;autres services relatifs \u00e0 l&rsquo;activit\u00e9 du site et \u00e0 l&rsquo;utilisation d&rsquo;Internet. Google est susceptible de communiquer ces donn\u00e9es \u00e0 des tiers en cas d&rsquo;obligation l\u00e9gale ou lorsque ces tiers traitent ces donn\u00e9es pour le compte de Google, y compris notamment Heavensea, l&rsquo;\u00e9diteur du\u00a0 Site et \u00e0 l\u2019h\u00e9bergeur. Google ne recoupera pas votre adresse IP avec toute autre donn\u00e9e d\u00e9tenue par Google. En utilisant le Site, vous consentez express\u00e9ment au traitement de vos donn\u00e9es nominatives par Google dans les conditions et pour les finalit\u00e9s d\u00e9crites ci-dessus.<\/p><p>Nous vous informons que vous pouvez vous opposer \u00e0 l&rsquo;enregistrement de cookies en configurant votre navigateur de la mani\u00e8re suivante :<\/p>\t\t\t\t\t\t\t\t<\/div>\n\t\t\t\t\t<\/div>\n\t\t\t\t<\/div>\n\t\t<div class=\"elementor-element elementor-element-150c92f e-flex e-con-boxed e-con e-parent\" data-id=\"150c92f\" data-element_type=\"container\">\n\t\t\t\t\t<div class=\"e-con-inner\">\n\t\t\t\t<div class=\"elementor-element elementor-element-51a9160 elementor-widget elementor-widget-heading\" data-id=\"51a9160\" data-element_type=\"widget\" data-widget_type=\"heading.default\">\n\t\t\t\t\t<h2 class=\"elementor-heading-title elementor-size-default\">POUR MICROSOFT INTERNET EXPLORER 7.0 ET SUIVANT:\n\n<\/h2>\t\t\t\t<\/div>\n\t\t\t\t<div class=\"elementor-element elementor-element-a21433e elementor-widget elementor-widget-text-editor\" data-id=\"a21433e\" data-element_type=\"widget\" data-widget_type=\"text-editor.default\">\n\t\t\t\t\t\t\t\t\t<ol><li>Dans la barre de menu, choisir le menu <strong>outils<\/strong>;<\/li><li>Dans le menu d\u00e9roulant, choisir <strong>options internet<\/strong>;<\/li><li>Cliquer sur l&rsquo;onglet <strong>confidentialit\u00e9<\/strong>;<\/li><li>Cliquer sur le bouton <strong>avanc\u00e9<\/strong> de la section param\u00e8tres;<\/li><li>Dans la fen\u00eatre <em>param\u00e8tres de confidentialit\u00e9 avanc\u00e9s<\/em> v\u00e9rifier que l&rsquo;option <strong>ignorer la gestion automatique des cookies<\/strong> n&rsquo;est pas coch\u00e9e.<\/li><\/ol>\t\t\t\t\t\t\t\t<\/div>\n\t\t\t\t<div class=\"elementor-element elementor-element-3c5462d elementor-widget elementor-widget-heading\" data-id=\"3c5462d\" data-element_type=\"widget\" data-widget_type=\"heading.default\">\n\t\t\t\t\t<h2 class=\"elementor-heading-title elementor-size-default\">POUR FIREFOX \u00c0 PARTIR DE LA VERSION 12 :<\/h2>\t\t\t\t<\/div>\n\t\t\t\t<div class=\"elementor-element elementor-element-de6e802 elementor-widget elementor-widget-text-editor\" data-id=\"de6e802\" data-element_type=\"widget\" data-widget_type=\"text-editor.default\">\n\t\t\t\t\t\t\t\t\t<ol><li>Dans la barre de menu, choisir le menu <strong>outils;<\/strong><\/li><li>Dans le menu d\u00e9roulant, choisir <strong>options;<\/strong><\/li><li>Cliquer sur l&rsquo;icone <strong>vie priv\u00e9e;<\/strong><\/li><li>Cliquer sur le lien <strong>supprimer des cookies sp\u00e9cifiques<\/strong>;<\/li><li>Dans la fen\u00eatre <strong>Cookies<\/strong>, cliquer sur le bouton <strong>Supprimer tous les cookies<\/strong>.<\/li><\/ol>\t\t\t\t\t\t\t\t<\/div>\n\t\t\t\t<div class=\"elementor-element elementor-element-1397e52 elementor-widget elementor-widget-heading\" data-id=\"1397e52\" data-element_type=\"widget\" data-widget_type=\"heading.default\">\n\t\t\t\t\t<h2 class=\"elementor-heading-title elementor-size-default\">POUR OP\u00c9RA \u00c0 PARTIR DE LA VERSION 11 :<\/h2>\t\t\t\t<\/div>\n\t\t\t\t<div class=\"elementor-element elementor-element-7085d0e elementor-widget elementor-widget-text-editor\" data-id=\"7085d0e\" data-element_type=\"widget\" data-widget_type=\"text-editor.default\">\n\t\t\t\t\t\t\t\t\t<ol><li>Choisissez le <strong>menu<\/strong>;<\/li><li>Dans la liste, choisir <strong>r\u00e9glages<\/strong> puis <strong>supprimer les informations priv\u00e9es&#8230;<\/strong>;<\/li><li>Cliquer sur le bouton <strong>supprimer<\/strong>.<\/li><\/ol>\t\t\t\t\t\t\t\t<\/div>\n\t\t\t\t<div class=\"elementor-element elementor-element-e7ff03f elementor-widget elementor-widget-heading\" data-id=\"e7ff03f\" data-element_type=\"widget\" data-widget_type=\"heading.default\">\n\t\t\t\t\t<h2 class=\"elementor-heading-title elementor-size-default\">POUR GOOGLE CHROME :<\/h2>\t\t\t\t<\/div>\n\t\t\t\t<div class=\"elementor-element elementor-element-fcde82e elementor-widget elementor-widget-text-editor\" data-id=\"fcde82e\" data-element_type=\"widget\" data-widget_type=\"text-editor.default\">\n\t\t\t\t\t\t\t\t\t<ol><li>Cliquer sur l&rsquo;icone <strong>Personnaliser et configurer Google Chrome<\/strong>;<\/li><li>Choisir dans la liste <strong>Param\u00e8tres;<\/strong><\/li><li>Cliquer sur <strong>Afficher les param\u00e8tres avanc\u00e9s&#8230;;<\/strong><\/li><li>Cliquer sur le bouton <strong>Param\u00e8tres de contenu<\/strong><strong>;<\/strong><\/li><li>Cliquer sur le bouton <strong>Cookies et donn\u00e9es de site&#8230;<\/strong>;<\/li><li>Cliquer sur le bouton <strong>Tout supprimer.<\/strong><\/li><\/ol><p>Nous vous informons n\u00e9anmoins que l\u2019acc\u00e8s \u00e0 certains services et rubriques du Site pourra \u00eatre alt\u00e9r\u00e9 voire impossible du fait de la suppression des cookies.<\/p>\t\t\t\t\t\t\t\t<\/div>\n\t\t\t\t\t<\/div>\n\t\t\t\t<\/div>\n\t\t<div class=\"elementor-element elementor-element-c1021e1 e-flex e-con-boxed e-con e-parent\" data-id=\"c1021e1\" data-element_type=\"container\">\n\t\t\t\t\t<div class=\"e-con-inner\">\n\t\t\t\t<div class=\"elementor-element elementor-element-4d39d4c elementor-widget elementor-widget-heading\" data-id=\"4d39d4c\" data-element_type=\"widget\" data-widget_type=\"heading.default\">\n\t\t\t\t\t<h2 class=\"elementor-heading-title elementor-size-default\">ART. 5 CONTENU DU SITE\n\n<\/h2>\t\t\t\t<\/div>\n\t\t\t\t<div class=\"elementor-element elementor-element-ce56568 elementor-widget elementor-widget-text-editor\" data-id=\"ce56568\" data-element_type=\"widget\" data-widget_type=\"text-editor.default\">\n\t\t\t\t\t\t\t\t\t<p>Heavensea, l\u2019h\u00e9bergeur et, plus g\u00e9n\u00e9ralement, toute soci\u00e9t\u00e9 contribuant \u00e0 la conception, \u00e0 la r\u00e9alisation et \u00e0 la mise en ligne de ce Site s\u2019efforcent d\u2019assurer l\u2019exactitude et la mise \u00e0 jour r\u00e9guli\u00e8re des informations diffus\u00e9es sur ce Site. Heavensea et les prestataires pr\u00e9cit\u00e9s se r\u00e9servent le droit de corriger et modifier \u00e0 tout moment le contenu du Site sans que leur responsabilit\u00e9 puisse \u00eatre engag\u00e9e de ce fait, Heavensea pouvant apporter \u00e0 tout moment des am\u00e9liorations et\/ou changements au(x) produit(s) d\u00e9crits sur ce Site.<\/p><p>Les prix ou tarifs mentionn\u00e9s dans nos pages sont des \u00ab prix maximum conseill\u00e9s \u00bb \u00e0 la date de la derni\u00e8re mise \u00e0 jour du Site. Ces prix peuvent conna\u00eetre des variations selon les d\u00e9taillants. Par ailleurs, ces prix maximum conseill\u00e9s sont susceptibles d\u2019\u00e9voluer p\u00e9riodiquement ou \u00e0 l\u2019occasion de l\u2019\u00e9volution des collections de Heavensea.<\/p>\t\t\t\t\t\t\t\t<\/div>\n\t\t\t\t\t<\/div>\n\t\t\t\t<\/div>\n\t\t<div class=\"elementor-element elementor-element-245a87f e-flex e-con-boxed e-con e-parent\" data-id=\"245a87f\" data-element_type=\"container\">\n\t\t\t\t\t<div class=\"e-con-inner\">\n\t\t\t\t<div class=\"elementor-element elementor-element-45697c4 elementor-widget elementor-widget-heading\" data-id=\"45697c4\" data-element_type=\"widget\" data-widget_type=\"heading.default\">\n\t\t\t\t\t<h2 class=\"elementor-heading-title elementor-size-default\">ART. 6 DROIT APPLICABLE\n\n<\/h2>\t\t\t\t<\/div>\n\t\t\t\t<div class=\"elementor-element elementor-element-8edf19b elementor-widget elementor-widget-text-editor\" data-id=\"8edf19b\" data-element_type=\"widget\" data-widget_type=\"text-editor.default\">\n\t\t\t\t\t\t\t\t\t<p>Les pr\u00e9sentes Conditions G\u00e9n\u00e9rales d&rsquo;utilisation sont soumises au droit interne fran\u00e7ais. \u00a0<\/p>\t\t\t\t\t\t\t\t<\/div>\n\t\t\t\t\t<\/div>\n\t\t\t\t<\/div>\n\t\t\t\t<\/div>","protected":false},"excerpt":{"rendered":"<p>Mentions L\u00e9gales Ce site est \u00e9dit\u00e9 par : Heavensea Yachting Services, dont le si\u00e8ge social est Boulevard Des Epinettes, 01220 [&hellip;]<\/p>","protected":false},"author":1,"featured_media":0,"parent":0,"menu_order":0,"comment_status":"closed","ping_status":"closed","template":"","meta":{"site-sidebar-layout":"no-sidebar","site-content-layout":"","ast-site-content-layout":"full-width-container","site-content-style":"default","site-sidebar-style":"default","ast-global-header-display":"","ast-banner-title-visibility":"","ast-main-header-display":"","ast-hfb-above-header-display":"","ast-hfb-below-header-display":"","ast-hfb-mobile-header-display":"","site-post-title":"","ast-breadcrumbs-content":"","ast-featured-img":"disabled","footer-sml-layout":"","theme-transparent-header-meta":"","adv-header-id-meta":"","stick-header-meta":"","header-above-stick-meta":"","header-main-stick-meta":"","header-below-stick-meta":"","astra-migrate-meta-layouts":"default","ast-page-background-enabled":"default","ast-page-background-meta":{"desktop":{"background-color":"var(--ast-global-color-5)","background-image":"","background-repeat":"repeat","background-position":"center center","background-size":"auto","background-attachment":"scroll","background-type":"","background-media":"","overlay-type":"","overlay-color":"","overlay-opacity":"","overlay-gradient":""},"tablet":{"background-color":"","background-image":"","background-repeat":"repeat","background-position":"center center","background-size":"auto","background-attachment":"scroll","background-type":"","background-media":"","overlay-type":"","overlay-color":"","overlay-opacity":"","overlay-gradient":""},"mobile":{"background-color":"","background-image":"","background-repeat":"repeat","background-position":"center center","background-size":"auto","background-attachment":"scroll","background-type":"","background-media":"","overlay-type":"","overlay-color":"","overlay-opacity":"","overlay-gradient":""}},"ast-content-background-meta":{"desktop":{"background-color":"var(--ast-global-color-4)","background-image":"","background-repeat":"repeat","background-position":"center center","background-size":"auto","background-attachment":"scroll","background-type":"","background-media":"","overlay-type":"","overlay-color":"","overlay-opacity":"","overlay-gradient":""},"tablet":{"background-color":"var(--ast-global-color-4)","background-image":"","background-repeat":"repeat","background-position":"center center","background-size":"auto","background-attachment":"scroll","background-type":"","background-media":"","overlay-type":"","overlay-color":"","overlay-opacity":"","overlay-gradient":""},"mobile":{"background-color":"var(--ast-global-color-4)","background-image":"","background-repeat":"repeat","background-position":"center center","background-size":"auto","background-attachment":"scroll","background-type":"","background-media":"","overlay-type":"","overlay-color":"","overlay-opacity":"","overlay-gradient":""}},"footnotes":""},"class_list":["post-4759","page","type-page","status-publish","hentry"],"_links":{"self":[{"href":"https:\/\/heaven-sea.com\/en\/wp-json\/wp\/v2\/pages\/4759","targetHints":{"allow":["GET"]}}],"collection":[{"href":"https:\/\/heaven-sea.com\/en\/wp-json\/wp\/v2\/pages"}],"about":[{"href":"https:\/\/heaven-sea.com\/en\/wp-json\/wp\/v2\/types\/page"}],"author":[{"embeddable":true,"href":"https:\/\/heaven-sea.com\/en\/wp-json\/wp\/v2\/users\/1"}],"replies":[{"embeddable":true,"href":"https:\/\/heaven-sea.com\/en\/wp-json\/wp\/v2\/comments?post=4759"}],"version-history":[{"count":3,"href":"https:\/\/heaven-sea.com\/en\/wp-json\/wp\/v2\/pages\/4759\/revisions"}],"predecessor-version":[{"id":5578,"href":"https:\/\/heaven-sea.com\/en\/wp-json\/wp\/v2\/pages\/4759\/revisions\/5578"}],"wp:attachment":[{"href":"https:\/\/heaven-sea.com\/en\/wp-json\/wp\/v2\/media?parent=4759"}],"curies":[{"name":"wp","href":"https:\/\/api.w.org\/{rel}","templated":true}]}}